{"id":7604,"date":"2026-04-10T11:02:58","date_gmt":"2026-04-10T09:02:58","guid":{"rendered":"https:\/\/elsplansdecornet.com\/contactar\/"},"modified":"2026-04-10T13:46:38","modified_gmt":"2026-04-10T11:46:38","slug":"contactar","status":"publish","type":"page","link":"https:\/\/elsplansdecornet.com\/es\/contactar\/","title":{"rendered":"Contactar"},"content":{"rendered":"\t\t<div data-elementor-type=\"wp-page\" data-elementor-id=\"7604\" class=\"elementor elementor-7604 elementor-7592\" data-elementor-post-type=\"page\">\n\t\t\t\t\t\t<section class=\"elementor-section elementor-top-section elementor-element elementor-element-55f91b7 elementor-section-full_width elementor-section-height-min-height elementor-section-stretched elementor-section-height-default elementor-section-items-middle qodef-elementor-content-no\" data-id=\"55f91b7\" data-element_type=\"section\" data-e-type=\"section\" data-settings=\"{&quot;stretch_section&quot;:&quot;section-stretched&quot;,&quot;background_background&quot;:&quot;classic&quot;}\">\n\t\t\t\t\t\t<div class=\"elementor-container elementor-column-gap-default\">\n\t\t\t\t\t<div class=\"elementor-column elementor-col-100 elementor-top-column elementor-element elementor-element-6c447e7\" data-id=\"6c447e7\" data-element_type=\"column\" data-e-type=\"column\">\n\t\t\t<div class=\"elementor-widget-wrap\">\n\t\t\t\t\t\t\t<\/div>\n\t\t<\/div>\n\t\t\t\t\t<\/div>\n\t\t<\/section>\n\t\t\t\t<section class=\"elementor-section elementor-top-section elementor-element elementor-element-a9f48f9 elementor-section-boxed elementor-section-height-default elementor-section-height-default qodef-elementor-content-no\" data-id=\"a9f48f9\" data-element_type=\"section\" data-e-type=\"section\">\n\t\t\t\t\t\t<div class=\"elementor-container elementor-column-gap-wide\">\n\t\t\t\t\t<div class=\"elementor-column elementor-col-50 elementor-top-column elementor-element elementor-element-80c3df4\" data-id=\"80c3df4\" data-element_type=\"column\" data-e-type=\"column\">\n\t\t\t<div class=\"elementor-widget-wrap elementor-element-populated\">\n\t\t\t\t\t\t<div class=\"elementor-element elementor-element-bd45823 elementor-widget elementor-widget-text-editor\" data-id=\"bd45823\" data-element_type=\"widget\" data-e-type=\"widget\" data-widget_type=\"text-editor.default\">\n\t\t\t\t<div class=\"elementor-widget-container\">\n\t\t\t\t\t\t\t\t\t<div class=\"page\" title=\"Page 5\"><div class=\"section\"><div class=\"layoutArea\"><div class=\"column\"><h2>\u00a1Dinos hola!<\/h2><\/div><\/div><\/div><\/div>\t\t\t\t\t\t\t\t<\/div>\n\t\t\t\t<\/div>\n\t\t\t\t<div class=\"elementor-element elementor-element-022be78 elementor-widget elementor-widget-text-editor\" data-id=\"022be78\" data-element_type=\"widget\" data-e-type=\"widget\" data-widget_type=\"text-editor.default\">\n\t\t\t\t<div class=\"elementor-widget-container\">\n\t\t\t\t\t\t\t\t\t<div class=\"page\" title=\"Page 5\"><div class=\"section\"><div class=\"layoutArea\"><div class=\"column\"><p>\u00bfTienes ganas de disfrutar de una experiencia 100% rural? \u00bfTienes alguna pregunta por hacernos? Rellena el siguiente formulario y nos pondremos en contacto contigo. \u00a1Gracias!<\/p><\/div><\/div><\/div><\/div>\t\t\t\t\t\t\t\t<\/div>\n\t\t\t\t<\/div>\n\t\t\t\t<div class=\"elementor-element elementor-element-54f9d9e elementor-widget elementor-widget-text-editor\" data-id=\"54f9d9e\" data-element_type=\"widget\" data-e-type=\"widget\" data-widget_type=\"text-editor.default\">\n\t\t\t\t<div class=\"elementor-widget-container\">\n\t\t\t\t\t\t\t\t\t<div class=\"page\" title=\"Page 5\"><div class=\"section\"><div class=\"layoutArea\"><div class=\"column\"><p><a href=\"mailto:info@elsplansdecornet.com\">info@elsplansdecornet.com<\/a><\/p><p><a href=\"tel:938396060\">93 839 60 60<\/a> \/ <a href=\"tel:+34660734261\">660 73 42 61<\/a><\/p><\/div><\/div><\/div><\/div>\t\t\t\t\t\t\t\t<\/div>\n\t\t\t\t<\/div>\n\t\t\t\t\t<\/div>\n\t\t<\/div>\n\t\t\t\t<div class=\"elementor-column elementor-col-50 elementor-top-column elementor-element elementor-element-2b26a4c\" data-id=\"2b26a4c\" data-element_type=\"column\" data-e-type=\"column\">\n\t\t\t<div class=\"elementor-widget-wrap elementor-element-populated\">\n\t\t\t\t\t\t<div class=\"elementor-element elementor-element-ef6ab39 elementor-widget elementor-widget-wp-widget-alloggio_core_contact_form_7\" data-id=\"ef6ab39\" data-element_type=\"widget\" data-e-type=\"widget\" data-widget_type=\"wp-widget-alloggio_core_contact_form_7.default\">\n\t\t\t\t<div class=\"elementor-widget-container\">\n\t\t\t\t\t\t\t\t<div class=\"qodef-contact-form-7\">\n\t\t\t\t\n<div class=\"wpcf7 no-js\" id=\"wpcf7-f4880-o1\" lang=\"es-ES\" dir=\"ltr\" data-wpcf7-id=\"4880\">\n<div class=\"screen-reader-response\"><p role=\"status\" aria-live=\"polite\" aria-atomic=\"true\"><\/p> <ul><\/ul><\/div>\n<form action=\"\/es\/wp-json\/wp\/v2\/pages\/7604#wpcf7-f4880-o1\" method=\"post\" class=\"wpcf7-form init\" aria-label=\"Formulario de contacto\" novalidate=\"novalidate\" data-status=\"init\">\n<fieldset class=\"hidden-fields-container\"><input type=\"hidden\" name=\"_wpcf7\" value=\"4880\" \/><input type=\"hidden\" name=\"_wpcf7_version\" value=\"6.1.5\" \/><input type=\"hidden\" name=\"_wpcf7_locale\" value=\"es_ES\" \/><input type=\"hidden\" name=\"_wpcf7_unit_tag\" value=\"wpcf7-f4880-o1\" \/><input type=\"hidden\" name=\"_wpcf7_container_post\" value=\"0\" \/><input type=\"hidden\" name=\"_wpcf7_posted_data_hash\" value=\"\" \/><input type=\"hidden\" name=\"_wpcf7_recaptcha_response\" value=\"\" \/>\n<\/fieldset>\n<div class=\"qodef-grid qodef-gutter--small\">\n\t<div class=\"qodef-grid-inner\">\n\t\t<div class=\"qodef-grid-item\">\n\t\t\t<p><label> NOMBRE Y APELLIDOS<br \/>\n<span class=\"wpcf7-form-control-wrap\" data-name=\"your-name\"><input size=\"40\" maxlength=\"400\" class=\"wpcf7-form-control wpcf7-text wpcf7-validates-as-required\" aria-required=\"true\" aria-invalid=\"false\" value=\"\" type=\"text\" name=\"your-name\" \/><\/span> <\/label>\n\t\t\t<\/p>\n\t\t<\/div>\n\t<\/div>\n<\/div>\n<div class=\"qodef-grid qodef-gutter--small\">\n\t<div class=\"qodef-grid-inner\">\n\t\t<div class=\"qodef-grid-item\">\n\t\t\t<p><label> CORREO ELECTR\u00d3NICO<br \/>\n<span class=\"wpcf7-form-control-wrap\" data-name=\"your-email\"><input size=\"40\" maxlength=\"400\" class=\"wpcf7-form-control wpcf7-email wpcf7-validates-as-required wpcf7-text wpcf7-validates-as-email\" aria-required=\"true\" aria-invalid=\"false\" value=\"\" type=\"email\" name=\"your-email\" \/><\/span> <\/label>\n\t\t\t<\/p>\n\t\t<\/div>\n\t<\/div>\n<\/div>\n<div class=\"qodef-grid qodef-gutter--normal\">\n\t<div class=\"qodef-grid-inner\">\n\t\t<div class=\"qodef-grid-item\">\n\t\t\t<p><label> TU MENSAJE<br \/>\n<span class=\"wpcf7-form-control-wrap\" data-name=\"your-message\"><textarea cols=\"40\" rows=\"6\" maxlength=\"2000\" class=\"wpcf7-form-control wpcf7-textarea\" aria-invalid=\"false\" name=\"your-message\"><\/textarea><\/span> <\/label>\n\t\t\t<\/p>\n\t\t<\/div>\n\t<\/div>\n<\/div>\n<p><span id=\"wpcf7-69d97dfa7f0a6-wrapper\" class=\"wpcf7-form-control-wrap honeypot-462-wrap\" style=\"display:none !important; visibility:hidden !important;\"><label for=\"wpcf7-69d97dfa7f0a6-field\" class=\"hp-message\">Por favor, deja este campo vac\u00edo.<\/label><input id=\"wpcf7-69d97dfa7f0a6-field\"  class=\"wpcf7-form-control wpcf7-text\" type=\"text\" name=\"honeypot-462\" value=\"\" size=\"40\" tabindex=\"-1\" autocomplete=\"new-password\" \/><\/span>\n<\/p>\n<p><button class=\"wpcf7-form-control wpcf7-submit qodef-button qodef-size--normal qodef-type--outlined qodef-m\" type=\"submit\"><span class=\"qodef-m-text\">ENV\u00cdA<\/span><\/button>\n<\/p><div class=\"wpcf7-response-output\" aria-hidden=\"true\"><\/div>\n<\/form>\n<\/div>\n\t\t\t<\/div>\n\t\t\t\t\t\t\t<\/div>\n\t\t\t\t<\/div>\n\t\t\t\t\t<\/div>\n\t\t<\/div>\n\t\t\t\t\t<\/div>\n\t\t<\/section>\n\t\t\t\t<section class=\"elementor-section elementor-top-section elementor-element elementor-element-c9d8d2d elementor-section-stretched elementor-section-full_width elementor-section-content-top elementor-section-height-default elementor-section-height-default qodef-elementor-content-no\" data-id=\"c9d8d2d\" data-element_type=\"section\" data-e-type=\"section\" data-settings=\"{&quot;stretch_section&quot;:&quot;section-stretched&quot;}\">\n\t\t\t\t\t\t<div class=\"elementor-container elementor-column-gap-default\">\n\t\t\t\t\t<div class=\"elementor-column elementor-col-66 elementor-top-column elementor-element elementor-element-681f14a\" data-id=\"681f14a\" data-element_type=\"column\" data-e-type=\"column\">\n\t\t\t<div class=\"elementor-widget-wrap elementor-element-populated\">\n\t\t\t\t\t\t<div class=\"elementor-element elementor-element-d5c2a26 elementor-widget elementor-widget-google_maps\" data-id=\"d5c2a26\" data-element_type=\"widget\" data-e-type=\"widget\" data-widget_type=\"google_maps.default\">\n\t\t\t\t<div class=\"elementor-widget-container\">\n\t\t\t\t\t\t\t<div class=\"elementor-custom-embed\">\n\t\t\t<iframe loading=\"lazy\"\n\t\t\t\t\tsrc=\"https:\/\/maps.google.com\/maps?q=Casa%20Rural%20Els%20Plans%20De%20Cornet%2C%20Carrer%20Balsareny%2C%20Sallent%20de%20Llobregat&#038;t=m&#038;z=15&#038;output=embed&#038;iwloc=near\"\n\t\t\t\t\ttitle=\"Casa Rural Els Plans De Cornet, Carrer Balsareny, Sallent de Llobregat\"\n\t\t\t\t\taria-label=\"Casa Rural Els Plans De Cornet, Carrer Balsareny, Sallent de Llobregat\"\n\t\t\t><\/iframe>\n\t\t<\/div>\n\t\t\t\t\t\t<\/div>\n\t\t\t\t<\/div>\n\t\t\t\t\t<\/div>\n\t\t<\/div>\n\t\t\t\t<div class=\"elementor-column elementor-col-33 elementor-top-column elementor-element elementor-element-3e20b35\" data-id=\"3e20b35\" data-element_type=\"column\" data-e-type=\"column\" data-settings=\"{&quot;background_background&quot;:&quot;classic&quot;}\">\n\t\t\t<div class=\"elementor-widget-wrap elementor-element-populated\">\n\t\t\t\t\t\t<div class=\"elementor-element elementor-element-92ea5fa elementor-widget elementor-widget-text-editor\" data-id=\"92ea5fa\" data-element_type=\"widget\" data-e-type=\"widget\" data-widget_type=\"text-editor.default\">\n\t\t\t\t<div class=\"elementor-widget-container\">\n\t\t\t\t\t\t\t\t\t<div class=\"page\" title=\"Page 3\"><div class=\"section\"><div class=\"layoutArea\"><div class=\"column\"><p style=\"text-align: center;\">Un lugar rural ideal para disfrutar de unos d\u00edas de desconexi\u00f3n.<\/p><p style=\"text-align: center;\">Nos encontrar\u00e1s a una 1 hora de Barcelona y a 5 minutos del pueblo de Balsareny, en la comarca del Bages<\/p><\/div><\/div><\/div><\/div>\t\t\t\t\t\t\t\t<\/div>\n\t\t\t\t<\/div>\n\t\t\t\t\t<\/div>\n\t\t<\/div>\n\t\t\t\t\t<\/div>\n\t\t<\/section>\n\t\t\t\t<section class=\"elementor-section elementor-top-section elementor-element elementor-element-19793de elementor-section-stretched elementor-section-full_width elementor-section-height-default elementor-section-height-default qodef-elementor-content-no\" data-id=\"19793de\" data-element_type=\"section\" data-e-type=\"section\" data-settings=\"{&quot;stretch_section&quot;:&quot;section-stretched&quot;}\">\n\t\t\t\t\t\t<div class=\"elementor-container elementor-column-gap-no\">\n\t\t\t\t\t<div class=\"elementor-column elementor-col-100 elementor-top-column elementor-element elementor-element-26a0b32\" data-id=\"26a0b32\" data-element_type=\"column\" data-e-type=\"column\">\n\t\t\t<div class=\"elementor-widget-wrap elementor-element-populated\">\n\t\t\t\t\t\t<div class=\"elementor-element elementor-element-6ff40fc elementor-arrows-position-inside elementor-widget elementor-widget-image-carousel\" data-id=\"6ff40fc\" data-element_type=\"widget\" data-e-type=\"widget\" data-settings=\"{&quot;navigation&quot;:&quot;arrows&quot;,&quot;slides_to_show&quot;:&quot;4&quot;,&quot;autoplay&quot;:&quot;yes&quot;,&quot;pause_on_hover&quot;:&quot;yes&quot;,&quot;pause_on_interaction&quot;:&quot;yes&quot;,&quot;autoplay_speed&quot;:5000,&quot;infinite&quot;:&quot;yes&quot;,&quot;speed&quot;:500}\" data-widget_type=\"image-carousel.default\">\n\t\t\t\t<div class=\"elementor-widget-container\">\n\t\t\t\t\t\t\t<div class=\"elementor-image-carousel-wrapper swiper\" role=\"region\" aria-roledescription=\"carousel\" aria-label=\"Carrusel d&#039;imatges\" dir=\"ltr\">\n\t\t\t<div class=\"elementor-image-carousel swiper-wrapper\" aria-live=\"off\">\n\t\t\t\t\t\t\t\t<div class=\"swiper-slide\" role=\"group\" aria-roledescription=\"slide\" aria-label=\"1 de 4\"><figure class=\"swiper-slide-inner\"><img decoding=\"async\" class=\"swiper-slide-image\" src=\"https:\/\/elsplansdecornet.com\/wp-content\/uploads\/2020\/06\/LOW_ELS-PLANS-DE-CORNET_TXUS-GARCIA_IMG_0466-650x650.jpg\" alt=\"LOW_ELS PLANS DE CORNET_TXUS GARCIA_IMG_0466\" \/><\/figure><\/div><div class=\"swiper-slide\" role=\"group\" aria-roledescription=\"slide\" aria-label=\"2 de 4\"><figure class=\"swiper-slide-inner\"><img decoding=\"async\" class=\"swiper-slide-image\" src=\"https:\/\/elsplansdecornet.com\/wp-content\/uploads\/2020\/06\/LOW_ELS-PLANS-DE-CORNET_TXUS-GARCIA_IMG_0411-650x650.jpg\" alt=\"LOW_ELS PLANS DE CORNET_TXUS GARCIA_IMG_0411\" \/><\/figure><\/div><div class=\"swiper-slide\" role=\"group\" aria-roledescription=\"slide\" aria-label=\"3 de 4\"><figure class=\"swiper-slide-inner\"><img decoding=\"async\" class=\"swiper-slide-image\" src=\"https:\/\/elsplansdecornet.com\/wp-content\/uploads\/2020\/06\/LOW_ELS-PLANS-DE-CORNET_TXUS-GARCIA_IMG_0313-650x650.jpg\" alt=\"LOW_ELS PLANS DE CORNET_TXUS GARCIA_IMG_0313\" \/><\/figure><\/div><div class=\"swiper-slide\" role=\"group\" aria-roledescription=\"slide\" aria-label=\"4 de 4\"><figure class=\"swiper-slide-inner\"><img decoding=\"async\" class=\"swiper-slide-image\" src=\"https:\/\/elsplansdecornet.com\/wp-content\/uploads\/2020\/06\/LOW_ELS-PLANS-DE-CORNET_TXUS-GARCIA_IMG_0267-650x650.jpg\" alt=\"LOW_ELS PLANS DE CORNET_TXUS GARCIA_IMG_0267\" \/><\/figure><\/div>\t\t\t<\/div>\n\t\t\t\t\t\t\t\t\t\t\t\t<div class=\"elementor-swiper-button elementor-swiper-button-prev\" role=\"button\" tabindex=\"0\">\n\t\t\t\t\t\t<i aria-hidden=\"true\" class=\"eicon-chevron-left\"><\/i>\t\t\t\t\t<\/div>\n\t\t\t\t\t<div class=\"elementor-swiper-button elementor-swiper-button-next\" role=\"button\" tabindex=\"0\">\n\t\t\t\t\t\t<i aria-hidden=\"true\" class=\"eicon-chevron-right\"><\/i>\t\t\t\t\t<\/div>\n\t\t\t\t\n\t\t\t\t\t\t\t\t\t<\/div>\n\t\t\t\t\t\t<\/div>\n\t\t\t\t<\/div>\n\t\t\t\t\t<\/div>\n\t\t<\/div>\n\t\t\t\t\t<\/div>\n\t\t<\/section>\n\t\t\t\t<\/div>\n\t\t","protected":false},"excerpt":{"rendered":"<p>\u00a1Dinos hola! \u00bfTienes ganas de disfrutar de una experiencia 100% rural? \u00bfTienes alguna pregunta por hacernos? Rellena el siguiente formulario y nos pondremos en contacto contigo. \u00a1Gracias! info@elsplansdecornet.com 93 839 60 60 \/ 660 73 42 61 Un lugar rural ideal para disfrutar de unos d\u00edas de desconexi\u00f3n. Nos encontrar\u00e1s a una 1 hora de [&hellip;]<\/p>\n","protected":false},"author":3,"featured_media":0,"parent":0,"menu_order":0,"comment_status":"closed","ping_status":"closed","template":"","meta":{"footnotes":""},"class_list":["post-7604","page","type-page","status-publish","hentry"],"yoast_head":"<!-- This site is optimized with the Yoast SEO plugin v27.3 - https:\/\/yoast.com\/product\/yoast-seo-wordpress\/ -->\n<title>Contactar - Els Plans de Cornet<\/title>\n<meta name=\"description\" content=\"Ponte en contacto con nosotros y resolveremos cualquier duda que tengas respecto a tu estancia.\" \/>\n<meta name=\"robots\" content=\"index, follow, max-snippet:-1, max-image-preview:large, max-video-preview:-1\" \/>\n<link rel=\"canonical\" href=\"https:\/\/elsplansdecornet.com\/es\/contactar\/\" \/>\n<meta property=\"og:locale\" content=\"es_ES\" \/>\n<meta property=\"og:type\" content=\"article\" \/>\n<meta property=\"og:title\" content=\"Contactar - Els Plans de Cornet\" \/>\n<meta property=\"og:description\" content=\"Ponte en contacto con nosotros y resolveremos cualquier duda que tengas respecto a tu estancia.\" \/>\n<meta property=\"og:url\" content=\"https:\/\/elsplansdecornet.com\/es\/contactar\/\" \/>\n<meta property=\"og:site_name\" content=\"Els Plans de Cornet\" \/>\n<meta property=\"article:publisher\" content=\"https:\/\/www.facebook.com\/ElsPlansdeCornet\" \/>\n<meta property=\"article:modified_time\" content=\"2026-04-10T11:46:38+00:00\" \/>\n<meta property=\"og:image\" content=\"https:\/\/elsplansdecornet.com\/wp-content\/uploads\/2020\/06\/LOW_ELS-PLANS-DE-CORNET_TXUS-GARCIA_IMG_0466-650x650.jpg\" \/>\n<meta name=\"twitter:card\" content=\"summary_large_image\" \/>\n<meta name=\"twitter:site\" content=\"@elsplans\" \/>\n<meta name=\"twitter:label1\" content=\"Tiempo de lectura\" \/>\n\t<meta name=\"twitter:data1\" content=\"3 minutos\" \/>\n<script type=\"application\/ld+json\" class=\"yoast-schema-graph\">{\"@context\":\"https:\\\/\\\/schema.org\",\"@graph\":[{\"@type\":\"WebPage\",\"@id\":\"https:\\\/\\\/elsplansdecornet.com\\\/es\\\/contactar\\\/\",\"url\":\"https:\\\/\\\/elsplansdecornet.com\\\/es\\\/contactar\\\/\",\"name\":\"Contactar - Els Plans de Cornet\",\"isPartOf\":{\"@id\":\"https:\\\/\\\/elsplansdecornet.com\\\/es\\\/#website\"},\"primaryImageOfPage\":{\"@id\":\"https:\\\/\\\/elsplansdecornet.com\\\/es\\\/contactar\\\/#primaryimage\"},\"image\":{\"@id\":\"https:\\\/\\\/elsplansdecornet.com\\\/es\\\/contactar\\\/#primaryimage\"},\"thumbnailUrl\":\"https:\\\/\\\/elsplansdecornet.com\\\/wp-content\\\/uploads\\\/2020\\\/06\\\/LOW_ELS-PLANS-DE-CORNET_TXUS-GARCIA_IMG_0466-650x650.jpg\",\"datePublished\":\"2026-04-10T09:02:58+00:00\",\"dateModified\":\"2026-04-10T11:46:38+00:00\",\"description\":\"Ponte en contacto con nosotros y resolveremos cualquier duda que tengas respecto a tu estancia.\",\"breadcrumb\":{\"@id\":\"https:\\\/\\\/elsplansdecornet.com\\\/es\\\/contactar\\\/#breadcrumb\"},\"inLanguage\":\"es\",\"potentialAction\":[{\"@type\":\"ReadAction\",\"target\":[\"https:\\\/\\\/elsplansdecornet.com\\\/es\\\/contactar\\\/\"]}]},{\"@type\":\"ImageObject\",\"inLanguage\":\"es\",\"@id\":\"https:\\\/\\\/elsplansdecornet.com\\\/es\\\/contactar\\\/#primaryimage\",\"url\":\"https:\\\/\\\/elsplansdecornet.com\\\/wp-content\\\/uploads\\\/2020\\\/06\\\/LOW_ELS-PLANS-DE-CORNET_TXUS-GARCIA_IMG_0466-650x650.jpg\",\"contentUrl\":\"https:\\\/\\\/elsplansdecornet.com\\\/wp-content\\\/uploads\\\/2020\\\/06\\\/LOW_ELS-PLANS-DE-CORNET_TXUS-GARCIA_IMG_0466-650x650.jpg\"},{\"@type\":\"BreadcrumbList\",\"@id\":\"https:\\\/\\\/elsplansdecornet.com\\\/es\\\/contactar\\\/#breadcrumb\",\"itemListElement\":[{\"@type\":\"ListItem\",\"position\":1,\"name\":\"Inici\",\"item\":\"https:\\\/\\\/elsplansdecornet.com\\\/es\\\/\"},{\"@type\":\"ListItem\",\"position\":2,\"name\":\"Contactar\"}]},{\"@type\":\"WebSite\",\"@id\":\"https:\\\/\\\/elsplansdecornet.com\\\/es\\\/#website\",\"url\":\"https:\\\/\\\/elsplansdecornet.com\\\/es\\\/\",\"name\":\"Els Plans de Cornet - Turisme Rural (Agroturisme)\",\"description\":\"Masoveria - Turisme rural\",\"publisher\":{\"@id\":\"https:\\\/\\\/elsplansdecornet.com\\\/es\\\/#organization\"},\"potentialAction\":[{\"@type\":\"SearchAction\",\"target\":{\"@type\":\"EntryPoint\",\"urlTemplate\":\"https:\\\/\\\/elsplansdecornet.com\\\/es\\\/?s={search_term_string}\"},\"query-input\":{\"@type\":\"PropertyValueSpecification\",\"valueRequired\":true,\"valueName\":\"search_term_string\"}}],\"inLanguage\":\"es\"},{\"@type\":\"Organization\",\"@id\":\"https:\\\/\\\/elsplansdecornet.com\\\/es\\\/#organization\",\"name\":\"Els Plans de Cornet\",\"alternateName\":\"Els Plans de Cornet - Masoveria\",\"url\":\"https:\\\/\\\/elsplansdecornet.com\\\/es\\\/\",\"logo\":{\"@type\":\"ImageObject\",\"inLanguage\":\"es\",\"@id\":\"https:\\\/\\\/elsplansdecornet.com\\\/es\\\/#\\\/schema\\\/logo\\\/image\\\/\",\"url\":\"https:\\\/\\\/elsplansdecornet.com\\\/wp-content\\\/uploads\\\/2021\\\/02\\\/Logotip3_negre.png\",\"contentUrl\":\"https:\\\/\\\/elsplansdecornet.com\\\/wp-content\\\/uploads\\\/2021\\\/02\\\/Logotip3_negre.png\",\"width\":4734,\"height\":2807,\"caption\":\"Els Plans de Cornet\"},\"image\":{\"@id\":\"https:\\\/\\\/elsplansdecornet.com\\\/es\\\/#\\\/schema\\\/logo\\\/image\\\/\"},\"sameAs\":[\"https:\\\/\\\/www.facebook.com\\\/ElsPlansdeCornet\",\"https:\\\/\\\/x.com\\\/elsplans\",\"https:\\\/\\\/www.instagram.com\\\/elsplans\\\/\"]}]}<\/script>\n<!-- \/ Yoast SEO plugin. -->","yoast_head_json":{"title":"Contactar - Els Plans de Cornet","description":"Ponte en contacto con nosotros y resolveremos cualquier duda que tengas respecto a tu estancia.","robots":{"index":"index","follow":"follow","max-snippet":"max-snippet:-1","max-image-preview":"max-image-preview:large","max-video-preview":"max-video-preview:-1"},"canonical":"https:\/\/elsplansdecornet.com\/es\/contactar\/","og_locale":"es_ES","og_type":"article","og_title":"Contactar - Els Plans de Cornet","og_description":"Ponte en contacto con nosotros y resolveremos cualquier duda que tengas respecto a tu estancia.","og_url":"https:\/\/elsplansdecornet.com\/es\/contactar\/","og_site_name":"Els Plans de Cornet","article_publisher":"https:\/\/www.facebook.com\/ElsPlansdeCornet","article_modified_time":"2026-04-10T11:46:38+00:00","og_image":[{"url":"https:\/\/elsplansdecornet.com\/wp-content\/uploads\/2020\/06\/LOW_ELS-PLANS-DE-CORNET_TXUS-GARCIA_IMG_0466-650x650.jpg","type":"","width":"","height":""}],"twitter_card":"summary_large_image","twitter_site":"@elsplans","twitter_misc":{"Tiempo de lectura":"3 minutos"},"schema":{"@context":"https:\/\/schema.org","@graph":[{"@type":"WebPage","@id":"https:\/\/elsplansdecornet.com\/es\/contactar\/","url":"https:\/\/elsplansdecornet.com\/es\/contactar\/","name":"Contactar - Els Plans de Cornet","isPartOf":{"@id":"https:\/\/elsplansdecornet.com\/es\/#website"},"primaryImageOfPage":{"@id":"https:\/\/elsplansdecornet.com\/es\/contactar\/#primaryimage"},"image":{"@id":"https:\/\/elsplansdecornet.com\/es\/contactar\/#primaryimage"},"thumbnailUrl":"https:\/\/elsplansdecornet.com\/wp-content\/uploads\/2020\/06\/LOW_ELS-PLANS-DE-CORNET_TXUS-GARCIA_IMG_0466-650x650.jpg","datePublished":"2026-04-10T09:02:58+00:00","dateModified":"2026-04-10T11:46:38+00:00","description":"Ponte en contacto con nosotros y resolveremos cualquier duda que tengas respecto a tu estancia.","breadcrumb":{"@id":"https:\/\/elsplansdecornet.com\/es\/contactar\/#breadcrumb"},"inLanguage":"es","potentialAction":[{"@type":"ReadAction","target":["https:\/\/elsplansdecornet.com\/es\/contactar\/"]}]},{"@type":"ImageObject","inLanguage":"es","@id":"https:\/\/elsplansdecornet.com\/es\/contactar\/#primaryimage","url":"https:\/\/elsplansdecornet.com\/wp-content\/uploads\/2020\/06\/LOW_ELS-PLANS-DE-CORNET_TXUS-GARCIA_IMG_0466-650x650.jpg","contentUrl":"https:\/\/elsplansdecornet.com\/wp-content\/uploads\/2020\/06\/LOW_ELS-PLANS-DE-CORNET_TXUS-GARCIA_IMG_0466-650x650.jpg"},{"@type":"BreadcrumbList","@id":"https:\/\/elsplansdecornet.com\/es\/contactar\/#breadcrumb","itemListElement":[{"@type":"ListItem","position":1,"name":"Inici","item":"https:\/\/elsplansdecornet.com\/es\/"},{"@type":"ListItem","position":2,"name":"Contactar"}]},{"@type":"WebSite","@id":"https:\/\/elsplansdecornet.com\/es\/#website","url":"https:\/\/elsplansdecornet.com\/es\/","name":"Els Plans de Cornet - Turisme Rural (Agroturisme)","description":"Masoveria - Turisme rural","publisher":{"@id":"https:\/\/elsplansdecornet.com\/es\/#organization"},"potentialAction":[{"@type":"SearchAction","target":{"@type":"EntryPoint","urlTemplate":"https:\/\/elsplansdecornet.com\/es\/?s={search_term_string}"},"query-input":{"@type":"PropertyValueSpecification","valueRequired":true,"valueName":"search_term_string"}}],"inLanguage":"es"},{"@type":"Organization","@id":"https:\/\/elsplansdecornet.com\/es\/#organization","name":"Els Plans de Cornet","alternateName":"Els Plans de Cornet - Masoveria","url":"https:\/\/elsplansdecornet.com\/es\/","logo":{"@type":"ImageObject","inLanguage":"es","@id":"https:\/\/elsplansdecornet.com\/es\/#\/schema\/logo\/image\/","url":"https:\/\/elsplansdecornet.com\/wp-content\/uploads\/2021\/02\/Logotip3_negre.png","contentUrl":"https:\/\/elsplansdecornet.com\/wp-content\/uploads\/2021\/02\/Logotip3_negre.png","width":4734,"height":2807,"caption":"Els Plans de Cornet"},"image":{"@id":"https:\/\/elsplansdecornet.com\/es\/#\/schema\/logo\/image\/"},"sameAs":["https:\/\/www.facebook.com\/ElsPlansdeCornet","https:\/\/x.com\/elsplans","https:\/\/www.instagram.com\/elsplans\/"]}]}},"_links":{"self":[{"href":"https:\/\/elsplansdecornet.com\/es\/wp-json\/wp\/v2\/pages\/7604","targetHints":{"allow":["GET"]}}],"collection":[{"href":"https:\/\/elsplansdecornet.com\/es\/wp-json\/wp\/v2\/pages"}],"about":[{"href":"https:\/\/elsplansdecornet.com\/es\/wp-json\/wp\/v2\/types\/page"}],"author":[{"embeddable":true,"href":"https:\/\/elsplansdecornet.com\/es\/wp-json\/wp\/v2\/users\/3"}],"replies":[{"embeddable":true,"href":"https:\/\/elsplansdecornet.com\/es\/wp-json\/wp\/v2\/comments?post=7604"}],"version-history":[{"count":4,"href":"https:\/\/elsplansdecornet.com\/es\/wp-json\/wp\/v2\/pages\/7604\/revisions"}],"predecessor-version":[{"id":7764,"href":"https:\/\/elsplansdecornet.com\/es\/wp-json\/wp\/v2\/pages\/7604\/revisions\/7764"}],"wp:attachment":[{"href":"https:\/\/elsplansdecornet.com\/es\/wp-json\/wp\/v2\/media?parent=7604"}],"curies":[{"name":"wp","href":"https:\/\/api.w.org\/{rel}","templated":true}]}}