{"id":6463,"date":"2023-10-12T09:31:54","date_gmt":"2023-10-12T09:31:54","guid":{"rendered":"https:\/\/elsplansdecornet.com\/accessibilitat\/"},"modified":"2026-04-10T12:58:20","modified_gmt":"2026-04-10T10:58:20","slug":"accesibilidad","status":"publish","type":"page","link":"https:\/\/elsplansdecornet.com\/es\/accesibilidad\/","title":{"rendered":"Accessibilitat"},"content":{"rendered":"<h1>Declaraci\u00f3n de accesibilidad<\/h1>\n<p><strong>Josep Maria Soler Bruch (Mas Els Plans de Cornet)<\/strong> se ha comprometido a hacer accesibles sus sitios web, de conformidad con el <strong>Real Decreto 1112\/2018, de 7 de septiembre<\/strong>, sobre accesibilidad de los sitios web y aplicaciones para dispositivos m\u00f3viles del sector p\u00fablico, por la que se traspone al ordenamiento jur\u00eddico espa\u00f1ol la <strong>Directiva (UE) 2016\/2102 del Parlamento Europeo y del Consejo<\/strong>.<\/p>\n<p>Esta declaraci\u00f3n de accesibilidad se aplica al sitio web: <strong>elsplansdecornet.com<\/strong><\/p>\n<p><strong style=\"font-size: inherit; font-style: inherit; letter-spacing: inherit;\">Situaci\u00f3n de cumplimiento<\/strong><\/p>\n<p>Este sitio web es parcialmente conforme con el <strong>RD 1112\/2018<\/strong> debido a las excepciones y a la falta de conformidad de los aspectos que se indican a continuaci\u00f3n.<\/p>\n<p><strong>Contenido no accesible<\/strong><\/p>\n<p>El contenido que se recoge a continuaci\u00f3n no es accesible por lo siguiente:<\/p>\n<ol>\n<li>En el portal pueden existir contenidos en otros idiomas en los que no est\u00e9 correctamente etiquetado el cambio de idioma.<\/li>\n<li>Los elementos multimedia solo audio no tienen alternativa.<\/li>\n<li>Hay v\u00eddeos sin subt\u00edtulos.<\/li>\n<li>Hay contenido textual sin un contraste suficiente.<\/li>\n<li>Se observa como en algunos casos el foco no cumple la m\u00ednima ratio de contraste requerida.<\/li>\n<li>En alg\u00fan caso puede producirse solapamiento de contenido.<\/li>\n<li>Hay documentos PDF con problemas de accesibilidad.<\/li>\n<li>Carga desproporcionada: no se aplica.<\/li>\n<li>Contenido no entra dentro del \u00e1mbito de la legislaci\u00f3n aplicable: Pueden existir documentos en formato PDF que no cumplan \u00edntegramente todos los requisitos de accesibilidad.<\/li>\n<\/ol>\n<p><strong style=\"font-size: inherit; font-style: inherit; letter-spacing: inherit;\">Preparaci\u00f3n de esta declaraci\u00f3n de accessibilidad<\/strong><\/p>\n<p>Esta declaraci\u00f3n fue preparada el 10 de octubre de 2023.<\/p>\n<p>El m\u00e9todo empleado para preparar la declaraci\u00f3n ha sido una autoevaluaci\u00f3n llevada a cabo por PIKSTUDIO MULTIMEDIA, como agente digitalizador.<\/p>\n<p><strong>Observaciones y datos de contacto<\/strong><\/p>\n<p>Puede realizar comunicaciones sobre requisitos de accesibilidad (art\u00edculo 10.2.a del Real Decreto 1112\/2018, de 7 de septiembre) como, por ejemplo:<\/p>\n<ul>\n<li>Informar sobre cualquier posible incumplimiento por parte de este sitio web.<\/li>\n<li>Transmitir otras dificultades de acceso al contenido.<\/li>\n<li>Formular cualquier otra consulta o sugerencia de mejora relativa a la accesibilidad del sitio web.<\/li>\n<\/ul>\n<p>A trav\u00e9s de las v\u00edas siguientes:<\/p>\n<ul>\n<li>Correo electr\u00f3nico: info@elsplansdecornet.com<\/li>\n<li>Tel\u00e9fono: +34 93 839 60 60 \/ 660 73 42 61<\/li>\n<\/ul>\n<p>Las comunicaciones ser\u00e1n recibidas y tratadas por Josep Maria Soler Bruch<\/p>\n<p><strong>Procedimiento de aplicaci\u00f3n<\/strong><\/p>\n<p>Se pondr\u00e1 en marcha un procedimiento de aplicaci\u00f3n adecuado y eficaz al que se debe recurrir en caso de que la respuesta a la comunicaci\u00f3n o a la solicitud sea insatisfactoria.<\/p>\n<p><strong>Conenido opcional<\/strong><\/p>\n<p>Este sitio web:<\/p>\n<ul>\n<li>Se ha dise\u00f1ado adapt\u00e1ndose a los est\u00e1ndares y normativas vigentes en relaci\u00f3n con la accesibilidad, cumpliendo con los puntos de verificaci\u00f3n de prioridad 2 (AA) definidos en la especificaci\u00f3n de Pautas de Accesibilidad al Contenido en la Web (WCAG 2.1).<\/li>\n<li>Cumple con los requisitos de la Norma UNE-EN 301549 v1.1.2:2015, considerando las excepciones del Real Decreto 1112\/2018.<\/li>\n<li>Est\u00e1 dise\u00f1ado para la correcta visualizaci\u00f3n en dispositivos de escritorio, tablet y m\u00f3viles para una resoluci\u00f3n m\u00ednima de 1280\u00d71024.<\/li>\n<li>Se ha realizado utilizando HTML5 como lenguaje de marcado y hojas de estilo CSS 3 para el dise\u00f1o.<\/li>\n<li>Est\u00e1 dise\u00f1ado para su uso con JavaScript no intrusivo ofreciendo, en el caso de que su navegador no lo soporte, su correspondiente alternativa no JavaScript.<\/li>\n<\/ul>\n","protected":false},"excerpt":{"rendered":"<p>Declaraci\u00f3n de accesibilidad Josep Maria Soler Bruch (Mas Els Plans de Cornet) se ha comprometido a hacer accesibles sus sitios web, de conformidad con el Real Decreto 1112\/2018, de 7 de septiembre, sobre accesibilidad de los sitios web y aplicaciones para dispositivos m\u00f3viles del sector p\u00fablico, por la que se traspone al ordenamiento jur\u00eddico espa\u00f1ol [&hellip;]<\/p>\n","protected":false},"author":1,"featured_media":0,"parent":0,"menu_order":0,"comment_status":"closed","ping_status":"closed","template":"","meta":{"footnotes":""},"class_list":["post-6463","page","type-page","status-publish","hentry"],"yoast_head":"<!-- This site is optimized with the Yoast SEO plugin v27.3 - https:\/\/yoast.com\/product\/yoast-seo-wordpress\/ -->\n<title>Accessibilitat - Els Plans de Cornet<\/title>\n<meta name=\"robots\" content=\"index, follow, max-snippet:-1, max-image-preview:large, max-video-preview:-1\" \/>\n<link rel=\"canonical\" href=\"https:\/\/elsplansdecornet.com\/es\/accesibilidad\/\" \/>\n<meta property=\"og:locale\" content=\"es_ES\" \/>\n<meta property=\"og:type\" content=\"article\" \/>\n<meta property=\"og:title\" content=\"Accessibilitat - Els Plans de Cornet\" \/>\n<meta property=\"og:description\" content=\"Declaraci\u00f3n de accesibilidad Josep Maria Soler Bruch (Mas Els Plans de Cornet) se ha comprometido a hacer accesibles sus sitios web, de conformidad con el Real Decreto 1112\/2018, de 7 de septiembre, sobre accesibilidad de los sitios web y aplicaciones para dispositivos m\u00f3viles del sector p\u00fablico, por la que se traspone al ordenamiento jur\u00eddico espa\u00f1ol [&hellip;]\" \/>\n<meta property=\"og:url\" content=\"https:\/\/elsplansdecornet.com\/es\/accesibilidad\/\" \/>\n<meta property=\"og:site_name\" content=\"Els Plans de Cornet\" \/>\n<meta property=\"article:publisher\" content=\"https:\/\/www.facebook.com\/ElsPlansdeCornet\" \/>\n<meta property=\"article:modified_time\" content=\"2026-04-10T10:58:20+00:00\" \/>\n<meta property=\"og:image\" content=\"https:\/\/elsplansdecornet.com\/wp-content\/uploads\/2020\/06\/LOW_ELS-PLANS-DE-CORNET_TXUS-GARCIA_IMG_0041-4.jpg\" \/>\n\t<meta property=\"og:image:width\" content=\"1800\" \/>\n\t<meta property=\"og:image:height\" content=\"1200\" \/>\n\t<meta property=\"og:image:type\" content=\"image\/jpeg\" \/>\n<meta name=\"twitter:card\" content=\"summary_large_image\" \/>\n<meta name=\"twitter:site\" content=\"@elsplans\" \/>\n<meta name=\"twitter:label1\" content=\"Tiempo de lectura\" \/>\n\t<meta name=\"twitter:data1\" content=\"3 minutos\" \/>\n<script type=\"application\/ld+json\" class=\"yoast-schema-graph\">{\"@context\":\"https:\\\/\\\/schema.org\",\"@graph\":[{\"@type\":\"WebPage\",\"@id\":\"https:\\\/\\\/elsplansdecornet.com\\\/es\\\/accesibilidad\\\/\",\"url\":\"https:\\\/\\\/elsplansdecornet.com\\\/es\\\/accesibilidad\\\/\",\"name\":\"Accessibilitat - Els Plans de Cornet\",\"isPartOf\":{\"@id\":\"https:\\\/\\\/elsplansdecornet.com\\\/es\\\/#website\"},\"datePublished\":\"2023-10-12T09:31:54+00:00\",\"dateModified\":\"2026-04-10T10:58:20+00:00\",\"breadcrumb\":{\"@id\":\"https:\\\/\\\/elsplansdecornet.com\\\/es\\\/accesibilidad\\\/#breadcrumb\"},\"inLanguage\":\"es\",\"potentialAction\":[{\"@type\":\"ReadAction\",\"target\":[\"https:\\\/\\\/elsplansdecornet.com\\\/es\\\/accesibilidad\\\/\"]}]},{\"@type\":\"BreadcrumbList\",\"@id\":\"https:\\\/\\\/elsplansdecornet.com\\\/es\\\/accesibilidad\\\/#breadcrumb\",\"itemListElement\":[{\"@type\":\"ListItem\",\"position\":1,\"name\":\"Inici\",\"item\":\"https:\\\/\\\/elsplansdecornet.com\\\/es\\\/\"},{\"@type\":\"ListItem\",\"position\":2,\"name\":\"Accessibilitat\"}]},{\"@type\":\"WebSite\",\"@id\":\"https:\\\/\\\/elsplansdecornet.com\\\/es\\\/#website\",\"url\":\"https:\\\/\\\/elsplansdecornet.com\\\/es\\\/\",\"name\":\"Els Plans de Cornet - Turisme Rural (Agroturisme)\",\"description\":\"Masoveria - Turisme rural\",\"publisher\":{\"@id\":\"https:\\\/\\\/elsplansdecornet.com\\\/es\\\/#organization\"},\"potentialAction\":[{\"@type\":\"SearchAction\",\"target\":{\"@type\":\"EntryPoint\",\"urlTemplate\":\"https:\\\/\\\/elsplansdecornet.com\\\/es\\\/?s={search_term_string}\"},\"query-input\":{\"@type\":\"PropertyValueSpecification\",\"valueRequired\":true,\"valueName\":\"search_term_string\"}}],\"inLanguage\":\"es\"},{\"@type\":\"Organization\",\"@id\":\"https:\\\/\\\/elsplansdecornet.com\\\/es\\\/#organization\",\"name\":\"Els Plans de Cornet\",\"alternateName\":\"Els Plans de Cornet - Masoveria\",\"url\":\"https:\\\/\\\/elsplansdecornet.com\\\/es\\\/\",\"logo\":{\"@type\":\"ImageObject\",\"inLanguage\":\"es\",\"@id\":\"https:\\\/\\\/elsplansdecornet.com\\\/es\\\/#\\\/schema\\\/logo\\\/image\\\/\",\"url\":\"https:\\\/\\\/elsplansdecornet.com\\\/wp-content\\\/uploads\\\/2021\\\/02\\\/Logotip3_negre.png\",\"contentUrl\":\"https:\\\/\\\/elsplansdecornet.com\\\/wp-content\\\/uploads\\\/2021\\\/02\\\/Logotip3_negre.png\",\"width\":4734,\"height\":2807,\"caption\":\"Els Plans de Cornet\"},\"image\":{\"@id\":\"https:\\\/\\\/elsplansdecornet.com\\\/es\\\/#\\\/schema\\\/logo\\\/image\\\/\"},\"sameAs\":[\"https:\\\/\\\/www.facebook.com\\\/ElsPlansdeCornet\",\"https:\\\/\\\/x.com\\\/elsplans\",\"https:\\\/\\\/www.instagram.com\\\/elsplans\\\/\"]}]}<\/script>\n<!-- \/ Yoast SEO plugin. -->","yoast_head_json":{"title":"Accessibilitat - Els Plans de Cornet","robots":{"index":"index","follow":"follow","max-snippet":"max-snippet:-1","max-image-preview":"max-image-preview:large","max-video-preview":"max-video-preview:-1"},"canonical":"https:\/\/elsplansdecornet.com\/es\/accesibilidad\/","og_locale":"es_ES","og_type":"article","og_title":"Accessibilitat - Els Plans de Cornet","og_description":"Declaraci\u00f3n de accesibilidad Josep Maria Soler Bruch (Mas Els Plans de Cornet) se ha comprometido a hacer accesibles sus sitios web, de conformidad con el Real Decreto 1112\/2018, de 7 de septiembre, sobre accesibilidad de los sitios web y aplicaciones para dispositivos m\u00f3viles del sector p\u00fablico, por la que se traspone al ordenamiento jur\u00eddico espa\u00f1ol [&hellip;]","og_url":"https:\/\/elsplansdecornet.com\/es\/accesibilidad\/","og_site_name":"Els Plans de Cornet","article_publisher":"https:\/\/www.facebook.com\/ElsPlansdeCornet","article_modified_time":"2026-04-10T10:58:20+00:00","og_image":[{"width":1800,"height":1200,"url":"https:\/\/elsplansdecornet.com\/wp-content\/uploads\/2020\/06\/LOW_ELS-PLANS-DE-CORNET_TXUS-GARCIA_IMG_0041-4.jpg","type":"image\/jpeg"}],"twitter_card":"summary_large_image","twitter_site":"@elsplans","twitter_misc":{"Tiempo de lectura":"3 minutos"},"schema":{"@context":"https:\/\/schema.org","@graph":[{"@type":"WebPage","@id":"https:\/\/elsplansdecornet.com\/es\/accesibilidad\/","url":"https:\/\/elsplansdecornet.com\/es\/accesibilidad\/","name":"Accessibilitat - Els Plans de Cornet","isPartOf":{"@id":"https:\/\/elsplansdecornet.com\/es\/#website"},"datePublished":"2023-10-12T09:31:54+00:00","dateModified":"2026-04-10T10:58:20+00:00","breadcrumb":{"@id":"https:\/\/elsplansdecornet.com\/es\/accesibilidad\/#breadcrumb"},"inLanguage":"es","potentialAction":[{"@type":"ReadAction","target":["https:\/\/elsplansdecornet.com\/es\/accesibilidad\/"]}]},{"@type":"BreadcrumbList","@id":"https:\/\/elsplansdecornet.com\/es\/accesibilidad\/#breadcrumb","itemListElement":[{"@type":"ListItem","position":1,"name":"Inici","item":"https:\/\/elsplansdecornet.com\/es\/"},{"@type":"ListItem","position":2,"name":"Accessibilitat"}]},{"@type":"WebSite","@id":"https:\/\/elsplansdecornet.com\/es\/#website","url":"https:\/\/elsplansdecornet.com\/es\/","name":"Els Plans de Cornet - Turisme Rural (Agroturisme)","description":"Masoveria - Turisme rural","publisher":{"@id":"https:\/\/elsplansdecornet.com\/es\/#organization"},"potentialAction":[{"@type":"SearchAction","target":{"@type":"EntryPoint","urlTemplate":"https:\/\/elsplansdecornet.com\/es\/?s={search_term_string}"},"query-input":{"@type":"PropertyValueSpecification","valueRequired":true,"valueName":"search_term_string"}}],"inLanguage":"es"},{"@type":"Organization","@id":"https:\/\/elsplansdecornet.com\/es\/#organization","name":"Els Plans de Cornet","alternateName":"Els Plans de Cornet - Masoveria","url":"https:\/\/elsplansdecornet.com\/es\/","logo":{"@type":"ImageObject","inLanguage":"es","@id":"https:\/\/elsplansdecornet.com\/es\/#\/schema\/logo\/image\/","url":"https:\/\/elsplansdecornet.com\/wp-content\/uploads\/2021\/02\/Logotip3_negre.png","contentUrl":"https:\/\/elsplansdecornet.com\/wp-content\/uploads\/2021\/02\/Logotip3_negre.png","width":4734,"height":2807,"caption":"Els Plans de Cornet"},"image":{"@id":"https:\/\/elsplansdecornet.com\/es\/#\/schema\/logo\/image\/"},"sameAs":["https:\/\/www.facebook.com\/ElsPlansdeCornet","https:\/\/x.com\/elsplans","https:\/\/www.instagram.com\/elsplans\/"]}]}},"_links":{"self":[{"href":"https:\/\/elsplansdecornet.com\/es\/wp-json\/wp\/v2\/pages\/6463","targetHints":{"allow":["GET"]}}],"collection":[{"href":"https:\/\/elsplansdecornet.com\/es\/wp-json\/wp\/v2\/pages"}],"about":[{"href":"https:\/\/elsplansdecornet.com\/es\/wp-json\/wp\/v2\/types\/page"}],"author":[{"embeddable":true,"href":"https:\/\/elsplansdecornet.com\/es\/wp-json\/wp\/v2\/users\/1"}],"replies":[{"embeddable":true,"href":"https:\/\/elsplansdecornet.com\/es\/wp-json\/wp\/v2\/comments?post=6463"}],"version-history":[{"count":21,"href":"https:\/\/elsplansdecornet.com\/es\/wp-json\/wp\/v2\/pages\/6463\/revisions"}],"predecessor-version":[{"id":7655,"href":"https:\/\/elsplansdecornet.com\/es\/wp-json\/wp\/v2\/pages\/6463\/revisions\/7655"}],"wp:attachment":[{"href":"https:\/\/elsplansdecornet.com\/es\/wp-json\/wp\/v2\/media?parent=6463"}],"curies":[{"name":"wp","href":"https:\/\/api.w.org\/{rel}","templated":true}]}}