{"id":4814,"date":"2020-07-13T15:37:20","date_gmt":"2020-07-13T15:37:20","guid":{"rendered":"http:\/\/elsplansdecornet.com\/politica-de-privacidad\/"},"modified":"2025-01-07T09:17:52","modified_gmt":"2025-01-07T09:17:52","slug":"politica-de-privacidad","status":"publish","type":"page","link":"https:\/\/elsplansdecornet.com\/es\/politica-de-privacidad\/","title":{"rendered":"Pol\u00edtica de Privacidad"},"content":{"rendered":"\t\t<div data-elementor-type=\"wp-page\" data-elementor-id=\"4814\" class=\"elementor elementor-4814 elementor-4209\" data-elementor-post-type=\"page\">\n\t\t\t\t\t\t<section class=\"elementor-section elementor-top-section elementor-element elementor-element-652d88ec elementor-section-boxed elementor-section-height-default elementor-section-height-default qodef-elementor-content-no\" data-id=\"652d88ec\" data-element_type=\"section\" data-e-type=\"section\">\n\t\t\t\t\t\t<div class=\"elementor-container elementor-column-gap-default\">\n\t\t\t\t\t<div class=\"elementor-column elementor-col-100 elementor-top-column elementor-element elementor-element-4d85511e\" data-id=\"4d85511e\" data-element_type=\"column\" data-e-type=\"column\">\n\t\t\t<div class=\"elementor-widget-wrap elementor-element-populated\">\n\t\t\t\t\t\t<div class=\"elementor-element elementor-element-6ccd5d42 elementor-widget elementor-widget-text-editor\" data-id=\"6ccd5d42\" data-element_type=\"widget\" data-e-type=\"widget\" data-widget_type=\"text-editor.default\">\n\t\t\t\t<div class=\"elementor-widget-container\">\n\t\t\t\t\t\t\t\t\t<h2>Pol\u00edtica de Privacidad (RGPD)<\/h2>\n<p><\/p>\n<p class=\"p1\"><span class=\"s1\"><b>Responsable<\/b> <b>Tratamiento:<\/b> JOSEP MARIA SOLER BRUCH (MAS ELS PLANS DE CORNET) &#8211; 39347641T, con domicilio en Mas els plans de Cornet. 08650 Sallent. Tel\u00e9fono 660734261 y mail: <\/span><span class=\"s2\">elsplans@yahoo.es<\/span><\/p>\n<p><\/p>\n<h3>FINALIDAD<\/h3>\n<p><\/p>\n<p>La finalidad de la creaci\u00f3n, existencia y mantenimiento es el tratamiento de los datos con los exclusivos fines de de poder hacer efectivo nuestro servicio y realizar la facturaci\u00f3n del mismo.<\/p>\n<p><\/p>\n<h3>LEGITIMACI\u00d3N<\/h3>\n<p><\/p>\n<p class=\"p1\"><span class=\"s1\">La base legal para el tratamiento de sus datos es la ejecuci\u00f3n de la prestaci\u00f3n del servicio entre el titular del dato y el responsable del tratamiento y dicha informaci\u00f3n personal se conservar\u00e1 mientras se mantenga la prestaci\u00f3n del mismoo durante el tiempo estrictamente necesario para cumplir con las obligaciones legales.<\/span><\/p>\n<p><\/p>\n<h3>COMUNICACIONES COMERCIALES<\/h3>\n<p><\/p>\n<p class=\"p1\"><span class=\"s1\">Asimismo y en base a su consentimiento otorgado de forma afirmativa y expresa, nos permite poder enviarle informaci\u00f3n comercial sobre nuestros servicios y novedades a trav\u00e9s de correo electr\u00f3nico. Dicho consentimiento podr\u00e1 ser revocado en cualquier momento a trav\u00e9s de nuestro correo electr\u00f3nico <\/span><span class=\"s2\">elsplans@yahoo.es<\/span><\/p>\n<p><\/p>\n<h3>PERIODO DE CONSERVACI\u00d3N<\/h3>\n<p><\/p>\n<p class=\"p1\"><span class=\"s1\">Los datos proporcionados se conservar\u00e1n mientras se mantenga la prestaci\u00f3n del servicio o durante los a\u00f1os necesarios para cumplir con las obligaciones legales<\/span><\/p>\n<p><\/p>\n<h3>DESTINATARIOS<\/h3>\n<p><\/p>\n<p class=\"p1\"><span class=\"s1\">Mientras dure el tratamiento de los datos del interesado, JOSEP MARIA SOLER BRUCH (MAS ELS PLANS DE CORNET) no ceder\u00e1 los datos a terceros, salvo que medie obligaci\u00f3n legal.<\/span><\/p>\n<p class=\"p1\"><span class=\"s1\">En los supuestos que, para la realizaci\u00f3n de tratamientos de tipo administrativo, fiscal, contable y\/o comercial, se cuente con los servicios de terceros, se formalizar\u00e1 debidamente el preceptivo contrato de encargado de tratamiento, con la finalidad de garantizar la seguridad y confidencialidad de los datos del interesado frente a terceros.<\/span><\/p>\n<p><\/p>\n<h2>DERECHOS<\/h2>\n<p><\/p>\n<p class=\"p1\"><span class=\"s1\">Las personas interesadas tienen derecho a acceder a sus datos de car\u00e1cter personal, as\u00ed como a solicitar la rectificaci\u00f3n de datos inexactos o, en su caso, solicitar la supresi\u00f3n cuando, entre otros motivos, los datos ya no sean necesarios para la finalidad que fueron entregados as\u00ed como retirar el consentimiento otorgado. El ejercicio de oposici\u00f3n al tratamiento de sus datos para el env\u00edo de informaci\u00f3n publicitaria por v\u00eda electr\u00f3nica. Tambi\u00e9n puede ejercer su derecho a la limitaci\u00f3n del tratamiento, de forma que sus datos no ser\u00e1n suprimidos pero el tratamiento de los mismos estar\u00e1 sujeto a limitaciones.<\/span><\/p>\n<p class=\"p1\"><span class=\"s1\">Los ejercicios de portabilidad y automatizaci\u00f3n de decisiones no aplican en este caso por la tipolog\u00eda de datos y tratamiento de los mismos.<\/span><\/p>\n<p><\/p>\t\t\t\t\t\t\t\t<\/div>\n\t\t\t\t<\/div>\n\t\t\t\t\t<\/div>\n\t\t<\/div>\n\t\t\t\t\t<\/div>\n\t\t<\/section>\n\t\t\t\t<\/div>\n\t\t","protected":false},"excerpt":{"rendered":"<p>Pol\u00edtica de Privacidad (RGPD) Responsable Tratamiento: JOSEP MARIA SOLER BRUCH (MAS ELS PLANS DE CORNET) &#8211; 39347641T, con domicilio en Mas els plans de Cornet. 08650 Sallent. Tel\u00e9fono 660734261 y mail: elsplans@yahoo.es FINALIDAD La finalidad de la creaci\u00f3n, existencia y mantenimiento es el tratamiento de los datos con los exclusivos fines de de poder hacer [&hellip;]<\/p>\n","protected":false},"author":1,"featured_media":0,"parent":0,"menu_order":0,"comment_status":"closed","ping_status":"closed","template":"","meta":{"_seopress_robots_primary_cat":"","_seopress_titles_title":"","_seopress_titles_desc":"","_seopress_robots_index":"","footnotes":""},"class_list":["post-4814","page","type-page","status-publish","hentry"],"_links":{"self":[{"href":"https:\/\/elsplansdecornet.com\/es\/wp-json\/wp\/v2\/pages\/4814","targetHints":{"allow":["GET"]}}],"collection":[{"href":"https:\/\/elsplansdecornet.com\/es\/wp-json\/wp\/v2\/pages"}],"about":[{"href":"https:\/\/elsplansdecornet.com\/es\/wp-json\/wp\/v2\/types\/page"}],"author":[{"embeddable":true,"href":"https:\/\/elsplansdecornet.com\/es\/wp-json\/wp\/v2\/users\/1"}],"replies":[{"embeddable":true,"href":"https:\/\/elsplansdecornet.com\/es\/wp-json\/wp\/v2\/comments?post=4814"}],"version-history":[{"count":3,"href":"https:\/\/elsplansdecornet.com\/es\/wp-json\/wp\/v2\/pages\/4814\/revisions"}],"predecessor-version":[{"id":6445,"href":"https:\/\/elsplansdecornet.com\/es\/wp-json\/wp\/v2\/pages\/4814\/revisions\/6445"}],"wp:attachment":[{"href":"https:\/\/elsplansdecornet.com\/es\/wp-json\/wp\/v2\/media?parent=4814"}],"curies":[{"name":"wp","href":"https:\/\/api.w.org\/{rel}","templated":true}]}}