{"id":4807,"date":"2020-07-13T15:27:05","date_gmt":"2020-07-13T15:27:05","guid":{"rendered":"http:\/\/elsplansdecornet.com\/aviso-legal\/"},"modified":"2026-04-13T09:39:36","modified_gmt":"2026-04-13T07:39:36","slug":"aviso-legal","status":"publish","type":"page","link":"https:\/\/elsplansdecornet.com\/es\/aviso-legal\/","title":{"rendered":"Aviso legal"},"content":{"rendered":"\t\t<div data-elementor-type=\"wp-page\" data-elementor-id=\"4807\" class=\"elementor elementor-4807 elementor-3\" data-elementor-post-type=\"page\">\n\t\t\t\t\t\t<section class=\"elementor-section elementor-top-section elementor-element elementor-element-40b01e4a elementor-section-boxed elementor-section-height-default elementor-section-height-default qodef-elementor-content-no\" data-id=\"40b01e4a\" data-element_type=\"section\" data-e-type=\"section\">\n\t\t\t\t\t\t<div class=\"elementor-container elementor-column-gap-default\">\n\t\t\t\t\t<div class=\"elementor-column elementor-col-100 elementor-top-column elementor-element elementor-element-3b0ef7d4\" data-id=\"3b0ef7d4\" data-element_type=\"column\" data-e-type=\"column\">\n\t\t\t<div class=\"elementor-widget-wrap elementor-element-populated\">\n\t\t\t\t\t\t<div class=\"elementor-element elementor-element-40b4967a elementor-widget elementor-widget-text-editor\" data-id=\"40b4967a\" data-element_type=\"widget\" data-e-type=\"widget\" data-widget_type=\"text-editor.default\">\n\t\t\t\t<div class=\"elementor-widget-container\">\n\t\t\t\t\t\t\t\t\t<h1>Aviso legal<\/h1>\n<p data-pm-slice=\"1 1 []\">El prop\u00f3sito de este Aviso Legal, es informar a los usuarios de <a href=\"https:\/\/elsplansdecornet.com\" target=\"_blank\" rel=\"noopener noreferrer\">www.elsplansdecornet.com<\/a> , domiciliada en, Mas els plans de Cornet cuya raz\u00f3n social del Responsable del tratamiento es JOSEP MARIA SOLER BRUCH (MAS ELS PLANS DE CORNET), de cu\u00e1l es su pol\u00edtica de protecci\u00f3n de la privacidad y confidencialidad de los datos de car\u00e1cter personal seg\u00fan el Reglamento General de Protecci\u00f3n de Datos (RGPD) que sus usuarios facilitan de forma libre y voluntaria.<\/p>\nJOSEP MARIA SOLER BRUCH (MAS ELS PLANS DE CORNET) pone en su conocimiento que dispone de sus datos de car\u00e1cter personal especificados en el correspondiente registro de actividades del tratamiento de la empresa denominado Gesti\u00f3n de Usuarios Web.\n\nLa base legal para el tratamiento de sus datos es el consentimiento obtenido del propio titular del tratamiento en el momento de cumplimentar nuestro formulario on-line y aceptar de forma expresa el mismo.\n\nLa finalidad de la creaci\u00f3n, existencia y mantenimiento es el tratamiento de los datos con los exclusivos fines de de poder hacer efectiva la solicitud de informaci\u00f3n\/reserva.\n\nLos destinatarios de la informaci\u00f3n son todos los departamentos, compartimentos, locales y entes asociados en los que se organiza JOSEP MARIA SOLER BRUCH (MAS ELS PLANS DE CORNET) y no ser\u00e1n cedidos a ning\u00fan tercero salvo en los casos que exista una obligaci\u00f3n legal.\n\nEn todo caso, usted tiene derecho a obtener confirmaci\u00f3n sobre si en JOSEP MARIA SOLER BRUCH estamos tratando sus datos personales por tanto tiene derecho a acceder a sus datos personales, rectificar los datos inexactos o solicitar su supresi\u00f3n cuando los datos ya no sean necesarios.\n\nTodos los campos del formulario on-line marcados con un asterisco son de obligada cumplimentaci\u00f3n para poder hacer efectiva su solicitud de informaci\u00f3n\/reserva.\n\nLa Web <a href=\"https:\/\/elsplansdecornet.com\" target=\"_blank\" rel=\"noopener noreferrer\">www.elsplansdecornet.com<\/a> ha adoptado las medidas de \u00edndole t\u00e9cnica y organizativas necesarias, seg\u00fan el nivel de seguridad de protecci\u00f3n de datos que le corresponde legalmente, para garantizar la seguridad del tratamiento de datos de car\u00e1cter personal que constituyen su fichero automatizado. Sin embargo, el usuario debe ser consciente de que en la actualidad las medidas de seguridad en Internet no son inexpugnables y por lo tanto no se est\u00e1 a salvo de posibles intromisiones ilegales e indebidas, que no ser\u00edan responsabilidad de JOSEP MARIA SOLER BRUCH (MAS ELS PLANS DE CORNET), ya que ella ha actuado con la diligencia debida para proteger los datos conforme determina la ley.\n\nLa Web <a href=\"https:\/\/elsplansdecornet.com\" target=\"_blank\" rel=\"noopener noreferrer\">www.elsplansdecornet.com<\/a> utiliza cookies u otros procedimientos similares con finalidades meramente estad\u00edsticas. Estas informaciones se captan de forma autom\u00e1tica y an\u00f3nima, de modo que no es posible identificar individualmente a ning\u00fan usuario. Estas informaciones se captan de forma autom\u00e1tica y an\u00f3nima, de modo que no es posible identificar individualmente a ning\u00fan usuario. Se recomienda a los usuarios que desean desactivar las cookies que consulten los sistemas de ayuda de los navegadores que utilicen.\n\nLa Web <a href=\"https:\/\/elsplansdecornet.com\" target=\"_blank\" rel=\"noopener noreferrer\">www.elsplansdecornet.com<\/a> har\u00e1 todo lo posible porque sus datos est\u00e9n siempre actualizados. No obstante, la responsabilidad acerca de la calidad de los datos depende del titular de ellos, de ah\u00ed que si existe alguna modificaci\u00f3n de los datos el usuario de la web los comunicar\u00e1 al Responsable del Fichero, declinando esta toda responsabilidad en caso de que omita su obligaci\u00f3n de notificar los cambios.\n\nLa prestaci\u00f3n del servicio de esta Web y las presentes condiciones de Uso del Sitio Web se rigen por la Ley Espa\u00f1ola. Para cualquier discrepancia en la ejecuci\u00f3n, interpretaci\u00f3n, cumplimiento de estas condiciones, las partes se someten a los Juzgados y Tribunales competentes.\t\t\t\t\t\t\t\t<\/div>\n\t\t\t\t<\/div>\n\t\t\t\t\t<\/div>\n\t\t<\/div>\n\t\t\t\t\t<\/div>\n\t\t<\/section>\n\t\t\t\t<\/div>\n\t\t","protected":false},"excerpt":{"rendered":"<p>Aviso legal El prop\u00f3sito de este Aviso Legal, es informar a los usuarios de www.elsplansdecornet.com , domiciliada en, Mas els plans de Cornet cuya raz\u00f3n social del Responsable del tratamiento es JOSEP MARIA SOLER BRUCH (MAS ELS PLANS DE CORNET), de cu\u00e1l es su pol\u00edtica de protecci\u00f3n de la privacidad y confidencialidad de los datos [&hellip;]<\/p>\n","protected":false},"author":1,"featured_media":0,"parent":0,"menu_order":0,"comment_status":"closed","ping_status":"closed","template":"","meta":{"footnotes":""},"class_list":["post-4807","page","type-page","status-publish","hentry"],"yoast_head":"<!-- This site is optimized with the Yoast SEO plugin v27.4 - https:\/\/yoast.com\/product\/yoast-seo-wordpress\/ -->\n<title>Aviso legal - Els Plans de Cornet<\/title>\n<meta name=\"description\" content=\"P\u00e1gina del aviso legal del sitio web de Els Plans de Cornet.\" \/>\n<meta name=\"robots\" content=\"index, follow, max-snippet:-1, max-image-preview:large, max-video-preview:-1\" \/>\n<link rel=\"canonical\" href=\"https:\/\/elsplansdecornet.com\/es\/aviso-legal\/\" \/>\n<meta property=\"og:locale\" content=\"es_ES\" \/>\n<meta property=\"og:type\" content=\"article\" \/>\n<meta property=\"og:title\" content=\"Aviso legal - Els Plans de Cornet\" \/>\n<meta property=\"og:description\" content=\"P\u00e1gina del aviso legal del sitio web de Els Plans de Cornet.\" \/>\n<meta property=\"og:url\" content=\"https:\/\/elsplansdecornet.com\/es\/aviso-legal\/\" \/>\n<meta property=\"og:site_name\" content=\"Els Plans de Cornet\" \/>\n<meta property=\"article:publisher\" content=\"https:\/\/www.facebook.com\/ElsPlansdeCornet\" \/>\n<meta property=\"article:modified_time\" content=\"2026-04-13T07:39:36+00:00\" \/>\n<meta property=\"og:image\" content=\"https:\/\/elsplansdecornet.com\/wp-content\/uploads\/2020\/06\/LOW_ELS-PLANS-DE-CORNET_TXUS-GARCIA_IMG_0041-4.jpg\" \/>\n\t<meta property=\"og:image:width\" content=\"1800\" \/>\n\t<meta property=\"og:image:height\" content=\"1200\" \/>\n\t<meta property=\"og:image:type\" content=\"image\/jpeg\" \/>\n<meta name=\"twitter:card\" content=\"summary_large_image\" \/>\n<meta name=\"twitter:site\" content=\"@elsplans\" \/>\n<meta name=\"twitter:label1\" content=\"Tiempo de lectura\" \/>\n\t<meta name=\"twitter:data1\" content=\"3 minutos\" \/>\n<script type=\"application\/ld+json\" class=\"yoast-schema-graph\">{\"@context\":\"https:\\\/\\\/schema.org\",\"@graph\":[{\"@type\":\"WebPage\",\"@id\":\"https:\\\/\\\/elsplansdecornet.com\\\/es\\\/aviso-legal\\\/\",\"url\":\"https:\\\/\\\/elsplansdecornet.com\\\/es\\\/aviso-legal\\\/\",\"name\":\"Aviso legal - Els Plans de Cornet\",\"isPartOf\":{\"@id\":\"https:\\\/\\\/elsplansdecornet.com\\\/es\\\/#website\"},\"datePublished\":\"2020-07-13T15:27:05+00:00\",\"dateModified\":\"2026-04-13T07:39:36+00:00\",\"description\":\"P\u00e1gina del aviso legal del sitio web de Els Plans de Cornet.\",\"breadcrumb\":{\"@id\":\"https:\\\/\\\/elsplansdecornet.com\\\/es\\\/aviso-legal\\\/#breadcrumb\"},\"inLanguage\":\"es\",\"potentialAction\":[{\"@type\":\"ReadAction\",\"target\":[\"https:\\\/\\\/elsplansdecornet.com\\\/es\\\/aviso-legal\\\/\"]}]},{\"@type\":\"BreadcrumbList\",\"@id\":\"https:\\\/\\\/elsplansdecornet.com\\\/es\\\/aviso-legal\\\/#breadcrumb\",\"itemListElement\":[{\"@type\":\"ListItem\",\"position\":1,\"name\":\"Inici\",\"item\":\"https:\\\/\\\/elsplansdecornet.com\\\/es\\\/\"},{\"@type\":\"ListItem\",\"position\":2,\"name\":\"Aviso legal\"}]},{\"@type\":\"WebSite\",\"@id\":\"https:\\\/\\\/elsplansdecornet.com\\\/es\\\/#website\",\"url\":\"https:\\\/\\\/elsplansdecornet.com\\\/es\\\/\",\"name\":\"Els Plans de Cornet - Turisme Rural (Agroturisme)\",\"description\":\"Masoveria - Turisme rural\",\"publisher\":{\"@id\":\"https:\\\/\\\/elsplansdecornet.com\\\/es\\\/#organization\"},\"potentialAction\":[{\"@type\":\"SearchAction\",\"target\":{\"@type\":\"EntryPoint\",\"urlTemplate\":\"https:\\\/\\\/elsplansdecornet.com\\\/es\\\/?s={search_term_string}\"},\"query-input\":{\"@type\":\"PropertyValueSpecification\",\"valueRequired\":true,\"valueName\":\"search_term_string\"}}],\"inLanguage\":\"es\"},{\"@type\":\"Organization\",\"@id\":\"https:\\\/\\\/elsplansdecornet.com\\\/es\\\/#organization\",\"name\":\"Els Plans de Cornet\",\"alternateName\":\"Els Plans de Cornet - Masoveria\",\"url\":\"https:\\\/\\\/elsplansdecornet.com\\\/es\\\/\",\"logo\":{\"@type\":\"ImageObject\",\"inLanguage\":\"es\",\"@id\":\"https:\\\/\\\/elsplansdecornet.com\\\/es\\\/#\\\/schema\\\/logo\\\/image\\\/\",\"url\":\"https:\\\/\\\/elsplansdecornet.com\\\/wp-content\\\/uploads\\\/2021\\\/02\\\/Logotip3_negre.png\",\"contentUrl\":\"https:\\\/\\\/elsplansdecornet.com\\\/wp-content\\\/uploads\\\/2021\\\/02\\\/Logotip3_negre.png\",\"width\":4734,\"height\":2807,\"caption\":\"Els Plans de Cornet\"},\"image\":{\"@id\":\"https:\\\/\\\/elsplansdecornet.com\\\/es\\\/#\\\/schema\\\/logo\\\/image\\\/\"},\"sameAs\":[\"https:\\\/\\\/www.facebook.com\\\/ElsPlansdeCornet\",\"https:\\\/\\\/x.com\\\/elsplans\",\"https:\\\/\\\/www.instagram.com\\\/elsplans\\\/\"]}]}<\/script>\n<!-- \/ Yoast SEO plugin. -->","yoast_head_json":{"title":"Aviso legal - Els Plans de Cornet","description":"P\u00e1gina del aviso legal del sitio web de Els Plans de Cornet.","robots":{"index":"index","follow":"follow","max-snippet":"max-snippet:-1","max-image-preview":"max-image-preview:large","max-video-preview":"max-video-preview:-1"},"canonical":"https:\/\/elsplansdecornet.com\/es\/aviso-legal\/","og_locale":"es_ES","og_type":"article","og_title":"Aviso legal - Els Plans de Cornet","og_description":"P\u00e1gina del aviso legal del sitio web de Els Plans de Cornet.","og_url":"https:\/\/elsplansdecornet.com\/es\/aviso-legal\/","og_site_name":"Els Plans de Cornet","article_publisher":"https:\/\/www.facebook.com\/ElsPlansdeCornet","article_modified_time":"2026-04-13T07:39:36+00:00","og_image":[{"width":1800,"height":1200,"url":"https:\/\/elsplansdecornet.com\/wp-content\/uploads\/2020\/06\/LOW_ELS-PLANS-DE-CORNET_TXUS-GARCIA_IMG_0041-4.jpg","type":"image\/jpeg"}],"twitter_card":"summary_large_image","twitter_site":"@elsplans","twitter_misc":{"Tiempo de lectura":"3 minutos"},"schema":{"@context":"https:\/\/schema.org","@graph":[{"@type":"WebPage","@id":"https:\/\/elsplansdecornet.com\/es\/aviso-legal\/","url":"https:\/\/elsplansdecornet.com\/es\/aviso-legal\/","name":"Aviso legal - Els Plans de Cornet","isPartOf":{"@id":"https:\/\/elsplansdecornet.com\/es\/#website"},"datePublished":"2020-07-13T15:27:05+00:00","dateModified":"2026-04-13T07:39:36+00:00","description":"P\u00e1gina del aviso legal del sitio web de Els Plans de Cornet.","breadcrumb":{"@id":"https:\/\/elsplansdecornet.com\/es\/aviso-legal\/#breadcrumb"},"inLanguage":"es","potentialAction":[{"@type":"ReadAction","target":["https:\/\/elsplansdecornet.com\/es\/aviso-legal\/"]}]},{"@type":"BreadcrumbList","@id":"https:\/\/elsplansdecornet.com\/es\/aviso-legal\/#breadcrumb","itemListElement":[{"@type":"ListItem","position":1,"name":"Inici","item":"https:\/\/elsplansdecornet.com\/es\/"},{"@type":"ListItem","position":2,"name":"Aviso legal"}]},{"@type":"WebSite","@id":"https:\/\/elsplansdecornet.com\/es\/#website","url":"https:\/\/elsplansdecornet.com\/es\/","name":"Els Plans de Cornet - Turisme Rural (Agroturisme)","description":"Masoveria - Turisme rural","publisher":{"@id":"https:\/\/elsplansdecornet.com\/es\/#organization"},"potentialAction":[{"@type":"SearchAction","target":{"@type":"EntryPoint","urlTemplate":"https:\/\/elsplansdecornet.com\/es\/?s={search_term_string}"},"query-input":{"@type":"PropertyValueSpecification","valueRequired":true,"valueName":"search_term_string"}}],"inLanguage":"es"},{"@type":"Organization","@id":"https:\/\/elsplansdecornet.com\/es\/#organization","name":"Els Plans de Cornet","alternateName":"Els Plans de Cornet - Masoveria","url":"https:\/\/elsplansdecornet.com\/es\/","logo":{"@type":"ImageObject","inLanguage":"es","@id":"https:\/\/elsplansdecornet.com\/es\/#\/schema\/logo\/image\/","url":"https:\/\/elsplansdecornet.com\/wp-content\/uploads\/2021\/02\/Logotip3_negre.png","contentUrl":"https:\/\/elsplansdecornet.com\/wp-content\/uploads\/2021\/02\/Logotip3_negre.png","width":4734,"height":2807,"caption":"Els Plans de Cornet"},"image":{"@id":"https:\/\/elsplansdecornet.com\/es\/#\/schema\/logo\/image\/"},"sameAs":["https:\/\/www.facebook.com\/ElsPlansdeCornet","https:\/\/x.com\/elsplans","https:\/\/www.instagram.com\/elsplans\/"]}]}},"_links":{"self":[{"href":"https:\/\/elsplansdecornet.com\/es\/wp-json\/wp\/v2\/pages\/4807","targetHints":{"allow":["GET"]}}],"collection":[{"href":"https:\/\/elsplansdecornet.com\/es\/wp-json\/wp\/v2\/pages"}],"about":[{"href":"https:\/\/elsplansdecornet.com\/es\/wp-json\/wp\/v2\/types\/page"}],"author":[{"embeddable":true,"href":"https:\/\/elsplansdecornet.com\/es\/wp-json\/wp\/v2\/users\/1"}],"replies":[{"embeddable":true,"href":"https:\/\/elsplansdecornet.com\/es\/wp-json\/wp\/v2\/comments?post=4807"}],"version-history":[{"count":0,"href":"https:\/\/elsplansdecornet.com\/es\/wp-json\/wp\/v2\/pages\/4807\/revisions"}],"wp:attachment":[{"href":"https:\/\/elsplansdecornet.com\/es\/wp-json\/wp\/v2\/media?parent=4807"}],"curies":[{"name":"wp","href":"https:\/\/api.w.org\/{rel}","templated":true}]}}