{"id":6353,"date":"2025-01-03T17:41:21","date_gmt":"2025-01-03T17:41:21","guid":{"rendered":"https:\/\/elsplansdecornet.com\/activitats\/"},"modified":"2025-05-02T10:23:06","modified_gmt":"2025-05-02T10:23:06","slug":"activitats","status":"publish","type":"page","link":"https:\/\/elsplansdecornet.com\/en\/activitats\/","title":{"rendered":"Activitats"},"content":{"rendered":"\t\t<div data-elementor-type=\"wp-page\" data-elementor-id=\"6353\" class=\"elementor elementor-6353 elementor-6332\" data-elementor-post-type=\"page\">\n\t\t\t\t\t\t<section class=\"elementor-section elementor-top-section elementor-element elementor-element-87c5d65 elementor-section-stretched elementor-section-full_width elementor-section-height-default elementor-section-height-default qodef-elementor-content-no\" data-id=\"87c5d65\" data-element_type=\"section\" data-e-type=\"section\" data-settings=\"{&quot;stretch_section&quot;:&quot;section-stretched&quot;}\">\n\t\t\t\t\t\t<div class=\"elementor-container elementor-column-gap-no\">\n\t\t\t\t\t<div class=\"elementor-column elementor-col-100 elementor-top-column elementor-element elementor-element-64c4c26\" data-id=\"64c4c26\" data-element_type=\"column\" data-e-type=\"column\">\n\t\t\t<div class=\"elementor-widget-wrap elementor-element-populated\">\n\t\t\t\t\t\t<div class=\"elementor-element elementor-element-7e6d5b4 elementor-arrows-position-inside elementor-widget elementor-widget-image-carousel\" data-id=\"7e6d5b4\" data-element_type=\"widget\" data-e-type=\"widget\" data-settings=\"{&quot;navigation&quot;:&quot;arrows&quot;,&quot;autoplay&quot;:&quot;yes&quot;,&quot;pause_on_hover&quot;:&quot;yes&quot;,&quot;pause_on_interaction&quot;:&quot;yes&quot;,&quot;autoplay_speed&quot;:5000,&quot;infinite&quot;:&quot;yes&quot;,&quot;speed&quot;:500}\" data-widget_type=\"image-carousel.default\">\n\t\t\t\t<div class=\"elementor-widget-container\">\n\t\t\t\t\t\t\t<div class=\"elementor-image-carousel-wrapper swiper\" role=\"region\" aria-roledescription=\"carousel\" aria-label=\"Carrusel d&#039;imatges\" dir=\"ltr\">\n\t\t\t<div class=\"elementor-image-carousel swiper-wrapper\" aria-live=\"off\">\n\t\t\t\t\t\t\t\t<div class=\"swiper-slide\" role=\"group\" aria-roledescription=\"slide\" aria-label=\"1 of 5\"><figure class=\"swiper-slide-inner\"><img decoding=\"async\" class=\"swiper-slide-image\" src=\"https:\/\/elsplansdecornet.com\/wp-content\/uploads\/2020\/07\/1358-650x650.jpg\" alt=\"1358\" \/><\/figure><\/div><div class=\"swiper-slide\" role=\"group\" aria-roledescription=\"slide\" aria-label=\"2 of 5\"><figure class=\"swiper-slide-inner\"><img decoding=\"async\" class=\"swiper-slide-image\" src=\"https:\/\/elsplansdecornet.com\/wp-content\/uploads\/2020\/07\/IMG_7897-650x650.jpg\" alt=\"IMG_7897\" \/><\/figure><\/div><div class=\"swiper-slide\" role=\"group\" aria-roledescription=\"slide\" aria-label=\"3 of 5\"><figure class=\"swiper-slide-inner\"><img decoding=\"async\" class=\"swiper-slide-image\" src=\"https:\/\/elsplansdecornet.com\/wp-content\/uploads\/2020\/07\/montserrat_cbd37088_1280x822-650x650.jpg\" alt=\"montserrat_cbd37088_1280x822\" \/><\/figure><\/div><div class=\"swiper-slide\" role=\"group\" aria-roledescription=\"slide\" aria-label=\"4 of 5\"><figure class=\"swiper-slide-inner\"><img decoding=\"async\" class=\"swiper-slide-image\" src=\"https:\/\/elsplansdecornet.com\/wp-content\/uploads\/2025\/01\/Captura-de-pantalla-2020-07-02-a-les-13.03.01-1-1.png\" alt=\"Captura-de-pantalla-2020-07-02-a-les-13.03.01-1\" \/><\/figure><\/div><div class=\"swiper-slide\" role=\"group\" aria-roledescription=\"slide\" aria-label=\"5 of 5\"><figure class=\"swiper-slide-inner\"><img decoding=\"async\" class=\"swiper-slide-image\" src=\"https:\/\/elsplansdecornet.com\/wp-content\/uploads\/2020\/07\/plens-patum-650x650.jpg\" alt=\"plens-patum\" \/><\/figure><\/div>\t\t\t<\/div>\n\t\t\t\t\t\t\t\t\t\t\t\t<div class=\"elementor-swiper-button elementor-swiper-button-prev\" role=\"button\" tabindex=\"0\">\n\t\t\t\t\t\t<i aria-hidden=\"true\" class=\"eicon-chevron-left\"><\/i>\t\t\t\t\t<\/div>\n\t\t\t\t\t<div class=\"elementor-swiper-button elementor-swiper-button-next\" role=\"button\" tabindex=\"0\">\n\t\t\t\t\t\t<i aria-hidden=\"true\" class=\"eicon-chevron-right\"><\/i>\t\t\t\t\t<\/div>\n\t\t\t\t\n\t\t\t\t\t\t\t\t\t<\/div>\n\t\t\t\t\t\t<\/div>\n\t\t\t\t<\/div>\n\t\t\t\t\t<\/div>\n\t\t<\/div>\n\t\t\t\t\t<\/div>\n\t\t<\/section>\n\t\t\t\t<section class=\"elementor-section elementor-top-section elementor-element elementor-element-064aaa2 elementor-section-full_width elementor-section-height-default elementor-section-height-default qodef-elementor-content-no\" data-id=\"064aaa2\" data-element_type=\"section\" data-e-type=\"section\">\n\t\t\t\t\t\t<div class=\"elementor-container elementor-column-gap-extended\">\n\t\t\t\t\t<div class=\"elementor-column elementor-col-33 elementor-top-column elementor-element elementor-element-6aabd79\" data-id=\"6aabd79\" data-element_type=\"column\" data-e-type=\"column\">\n\t\t\t<div class=\"elementor-widget-wrap elementor-element-populated\">\n\t\t\t\t\t\t<div class=\"elementor-element elementor-element-83229ff elementor-widget elementor-widget-text-editor\" data-id=\"83229ff\" data-element_type=\"widget\" data-e-type=\"widget\" data-widget_type=\"text-editor.default\">\n\t\t\t\t<div class=\"elementor-widget-container\">\n\t\t\t\t\t\t\t\t\t<h2>Descobreix el cor de Catalunya<\/h2>\t\t\t\t\t\t\t\t<\/div>\n\t\t\t\t<\/div>\n\t\t\t\t\t<\/div>\n\t\t<\/div>\n\t\t\t\t<div class=\"elementor-column elementor-col-66 elementor-top-column elementor-element elementor-element-71be9e8\" data-id=\"71be9e8\" data-element_type=\"column\" data-e-type=\"column\">\n\t\t\t<div class=\"elementor-widget-wrap elementor-element-populated\">\n\t\t\t\t\t\t<div class=\"elementor-element elementor-element-a660856 elementor-hidden-phone elementor-widget elementor-widget-spacer\" data-id=\"a660856\" data-element_type=\"widget\" data-e-type=\"widget\" data-widget_type=\"spacer.default\">\n\t\t\t\t<div class=\"elementor-widget-container\">\n\t\t\t\t\t\t\t<div class=\"elementor-spacer\">\n\t\t\t<div class=\"elementor-spacer-inner\"><\/div>\n\t\t<\/div>\n\t\t\t\t\t\t<\/div>\n\t\t\t\t<\/div>\n\t\t\t\t<div class=\"elementor-element elementor-element-b42a87d elementor-widget elementor-widget-text-editor\" data-id=\"b42a87d\" data-element_type=\"widget\" data-e-type=\"widget\" data-widget_type=\"text-editor.default\">\n\t\t\t\t<div class=\"elementor-widget-container\">\n\t\t\t\t\t\t\t\t\t<div class=\"page\" title=\"Page 4\"><div class=\"section\"><div class=\"layoutArea\"><div class=\"column\"><p>I per fer la teva estan\u00e7a m\u00e9s amena, et proposem que gaudeixis d\u2019un entorn fant\u00e0stic per a fer turisme i descobrir tot el patrimoni que ens envolta.<\/p><p>Trobar\u00e0s una oferta complerta i variada d\u2019activitats, visites, rutes, museus i serveis complementaris com restaurants i productes locals&#8230; Pregunta\u2019ns el que vulguis i t\u2019indicarem com arribar-hi!<\/p><\/div><\/div><\/div><\/div>\t\t\t\t\t\t\t\t<\/div>\n\t\t\t\t<\/div>\n\t\t\t\t\t<\/div>\n\t\t<\/div>\n\t\t\t\t\t<\/div>\n\t\t<\/section>\n\t\t\t\t<section class=\"elementor-section elementor-top-section elementor-element elementor-element-c1bf710 elementor-section-boxed elementor-section-height-default elementor-section-height-default qodef-elementor-content-no\" data-id=\"c1bf710\" data-element_type=\"section\" data-e-type=\"section\">\n\t\t\t\t\t\t<div class=\"elementor-container elementor-column-gap-default\">\n\t\t\t\t\t<div class=\"elementor-column elementor-col-33 elementor-top-column elementor-element elementor-element-e7baf07\" data-id=\"e7baf07\" data-element_type=\"column\" data-e-type=\"column\">\n\t\t\t<div class=\"elementor-widget-wrap elementor-element-populated\">\n\t\t\t\t\t\t<div class=\"elementor-element elementor-element-4ed5bc8 elementor-widget elementor-widget-alloggio_core_banner\" data-id=\"4ed5bc8\" data-element_type=\"widget\" data-e-type=\"widget\" data-widget_type=\"alloggio_core_banner.default\">\n\t\t\t\t<div class=\"elementor-widget-container\">\n\t\t\t\t\t<div class=\"qodef-shortcode qodef-m  qodef-banner qodef-layout--link-overlay  \">\n\t<div class=\"qodef-m-image\">\n\t<img fetchpriority=\"high\" decoding=\"async\" width=\"800\" height=\"800\" src=\"https:\/\/elsplansdecornet.com\/wp-content\/uploads\/2020\/06\/natura.jpg\" class=\"attachment-full size-full\" alt=\"\" srcset=\"https:\/\/elsplansdecornet.com\/wp-content\/uploads\/2020\/06\/natura.jpg 800w, https:\/\/elsplansdecornet.com\/wp-content\/uploads\/2020\/06\/natura-300x300.jpg 300w, https:\/\/elsplansdecornet.com\/wp-content\/uploads\/2020\/06\/natura-100x100.jpg 100w, https:\/\/elsplansdecornet.com\/wp-content\/uploads\/2020\/06\/natura-600x600.jpg 600w, https:\/\/elsplansdecornet.com\/wp-content\/uploads\/2020\/06\/natura-150x150.jpg 150w, https:\/\/elsplansdecornet.com\/wp-content\/uploads\/2020\/06\/natura-768x768.jpg 768w, https:\/\/elsplansdecornet.com\/wp-content\/uploads\/2020\/06\/natura-650x650.jpg 650w\" sizes=\"(max-width: 800px) 100vw, 800px\" \/>\t<a itemprop=\"url\" href=\"https:\/\/www.canva.com\/design\/DAFD3fdsXSQ\/XfAjNgBVvjFiz1CDTClCeA\/view?utm_content=DAFD3fdsXSQ&#038;utm_campaign=designshare&#038;utm_medium=link2&#038;utm_source=uniquelinks&#038;utlId=h811c67e8d5\" class=\"qodef-m-banner-link\" target=\"_blank\"><\/a>\n<\/div>\t<div class=\"qodef-m-content\">\n\t\t<div class=\"qodef-m-content-inner\" >\n\t\t\t<div class=\"qodef-m-content-inner-background\" ><\/div>\n\t\t\t<div class=\"qodef-m-content-inner-holder\">\n\t\t\t\t\t<h1 class=\"qodef-m-title\" >Natura<\/h1>\n\t\t\t\t\t\t\t\t\t\t\t\t<a itemprop=\"url\" href=\"https:\/\/www.canva.com\/design\/DAFD3fdsXSQ\/XfAjNgBVvjFiz1CDTClCeA\/view?utm_content=DAFD3fdsXSQ&#038;utm_campaign=designshare&#038;utm_medium=link2&#038;utm_source=uniquelinks&#038;utlId=h811c67e8d5\" class=\"qodef-m-banner-link\" target=\"_blank\"><\/a>\n\t\t\t<\/div>\n\t\t\t<a itemprop=\"url\" href=\"https:\/\/www.canva.com\/design\/DAFD3fdsXSQ\/XfAjNgBVvjFiz1CDTClCeA\/view?utm_content=DAFD3fdsXSQ&#038;utm_campaign=designshare&#038;utm_medium=link2&#038;utm_source=uniquelinks&#038;utlId=h811c67e8d5\" class=\"qodef-m-banner-link\" target=\"_blank\"><\/a>\n\t\t<\/div>\n\t<\/div>\n<\/div>\n\t\t\t\t<\/div>\n\t\t\t\t<\/div>\n\t\t\t\t<div class=\"elementor-element elementor-element-ad3bf60 elementor-widget elementor-widget-text-editor\" data-id=\"ad3bf60\" data-element_type=\"widget\" data-e-type=\"widget\" data-widget_type=\"text-editor.default\">\n\t\t\t\t<div class=\"elementor-widget-container\">\n\t\t\t\t\t\t\t\t\t<div class=\"page\" title=\"Page 4\"><div class=\"section\"><div class=\"layoutArea\"><div class=\"column\"><p>El Bages \u00e9s ple d\u2019indrets per explorar, aventura\u2019t. T\u2019esperen boscos verds i plens de vegetaci\u00f3 que pots aprofitar per acaminar, anar amb bicicleta amb els amics o familiars&#8230; O perdre\u2019t pel bosc durant l\u2019\u00e8poca de bolets.<\/p><\/div><\/div><\/div><\/div>\t\t\t\t\t\t\t\t<\/div>\n\t\t\t\t<\/div>\n\t\t\t\t\t<\/div>\n\t\t<\/div>\n\t\t\t\t<div class=\"elementor-column elementor-col-33 elementor-top-column elementor-element elementor-element-829987e\" data-id=\"829987e\" data-element_type=\"column\" data-e-type=\"column\">\n\t\t\t<div class=\"elementor-widget-wrap elementor-element-populated\">\n\t\t\t\t\t\t<div class=\"elementor-element elementor-element-a3030d2 elementor-widget elementor-widget-alloggio_core_banner\" data-id=\"a3030d2\" data-element_type=\"widget\" data-e-type=\"widget\" data-widget_type=\"alloggio_core_banner.default\">\n\t\t\t\t<div class=\"elementor-widget-container\">\n\t\t\t\t\t<div class=\"qodef-shortcode qodef-m  qodef-banner qodef-layout--link-overlay  \">\n\t<div class=\"qodef-m-image\">\n\t<img decoding=\"async\" width=\"800\" height=\"800\" src=\"https:\/\/elsplansdecornet.com\/wp-content\/uploads\/2020\/06\/cultura.jpg\" class=\"attachment-full size-full\" alt=\"\" srcset=\"https:\/\/elsplansdecornet.com\/wp-content\/uploads\/2020\/06\/cultura.jpg 800w, https:\/\/elsplansdecornet.com\/wp-content\/uploads\/2020\/06\/cultura-300x300.jpg 300w, https:\/\/elsplansdecornet.com\/wp-content\/uploads\/2020\/06\/cultura-100x100.jpg 100w, https:\/\/elsplansdecornet.com\/wp-content\/uploads\/2020\/06\/cultura-600x600.jpg 600w, https:\/\/elsplansdecornet.com\/wp-content\/uploads\/2020\/06\/cultura-150x150.jpg 150w, https:\/\/elsplansdecornet.com\/wp-content\/uploads\/2020\/06\/cultura-768x768.jpg 768w, https:\/\/elsplansdecornet.com\/wp-content\/uploads\/2020\/06\/cultura-650x650.jpg 650w\" sizes=\"(max-width: 800px) 100vw, 800px\" \/>\t<a itemprop=\"url\" href=\"https:\/\/www.canva.com\/design\/DAFD3fdsXSQ\/XfAjNgBVvjFiz1CDTClCeA\/view?utm_content=DAFD3fdsXSQ&#038;utm_campaign=designshare&#038;utm_medium=link2&#038;utm_source=uniquelinks&#038;utlId=h811c67e8d5\" class=\"qodef-m-banner-link\" target=\"_blank\"><\/a>\n<\/div>\t<div class=\"qodef-m-content\">\n\t\t<div class=\"qodef-m-content-inner\" >\n\t\t\t<div class=\"qodef-m-content-inner-background\" ><\/div>\n\t\t\t<div class=\"qodef-m-content-inner-holder\">\n\t\t\t\t\t<h1 class=\"qodef-m-title\" >Cultura<\/h1>\n\t\t\t\t\t\t\t\t\t\t\t\t<a itemprop=\"url\" href=\"https:\/\/www.canva.com\/design\/DAFD3fdsXSQ\/XfAjNgBVvjFiz1CDTClCeA\/view?utm_content=DAFD3fdsXSQ&#038;utm_campaign=designshare&#038;utm_medium=link2&#038;utm_source=uniquelinks&#038;utlId=h811c67e8d5\" class=\"qodef-m-banner-link\" target=\"_blank\"><\/a>\n\t\t\t<\/div>\n\t\t\t<a itemprop=\"url\" href=\"https:\/\/www.canva.com\/design\/DAFD3fdsXSQ\/XfAjNgBVvjFiz1CDTClCeA\/view?utm_content=DAFD3fdsXSQ&#038;utm_campaign=designshare&#038;utm_medium=link2&#038;utm_source=uniquelinks&#038;utlId=h811c67e8d5\" class=\"qodef-m-banner-link\" target=\"_blank\"><\/a>\n\t\t<\/div>\n\t<\/div>\n<\/div>\n\t\t\t\t<\/div>\n\t\t\t\t<\/div>\n\t\t\t\t<div class=\"elementor-element elementor-element-7ca3214 elementor-widget elementor-widget-text-editor\" data-id=\"7ca3214\" data-element_type=\"widget\" data-e-type=\"widget\" data-widget_type=\"text-editor.default\">\n\t\t\t\t<div class=\"elementor-widget-container\">\n\t\t\t\t\t\t\t\t\t<div class=\"page\" title=\"Page 4\"><div class=\"section\"><div class=\"layoutArea\"><div class=\"column\"><p>El passat i el present de la nostra cultura, coneix-lo. Ben a prop, trobar\u00e0s per a visitar el Castell de Balsareny, les mines de sal de Cardona i descobrir\u00e0s pobles i camins de transhum\u00e0ncia que val la pena con\u00e8ixer.<\/p><\/div><\/div><\/div><\/div>\t\t\t\t\t\t\t\t<\/div>\n\t\t\t\t<\/div>\n\t\t\t\t\t<\/div>\n\t\t<\/div>\n\t\t\t\t<div class=\"elementor-column elementor-col-33 elementor-top-column elementor-element elementor-element-e0745bd\" data-id=\"e0745bd\" data-element_type=\"column\" data-e-type=\"column\">\n\t\t\t<div class=\"elementor-widget-wrap elementor-element-populated\">\n\t\t\t\t\t\t<div class=\"elementor-element elementor-element-ca33c52 elementor-widget elementor-widget-alloggio_core_banner\" data-id=\"ca33c52\" data-element_type=\"widget\" data-e-type=\"widget\" data-widget_type=\"alloggio_core_banner.default\">\n\t\t\t\t<div class=\"elementor-widget-container\">\n\t\t\t\t\t<div class=\"qodef-shortcode qodef-m  qodef-banner qodef-layout--link-overlay  \">\n\t<div class=\"qodef-m-image\">\n\t<img decoding=\"async\" width=\"800\" height=\"800\" src=\"https:\/\/elsplansdecornet.com\/wp-content\/uploads\/2020\/06\/gastro.jpg\" class=\"attachment-full size-full\" alt=\"\" srcset=\"https:\/\/elsplansdecornet.com\/wp-content\/uploads\/2020\/06\/gastro.jpg 800w, https:\/\/elsplansdecornet.com\/wp-content\/uploads\/2020\/06\/gastro-300x300.jpg 300w, https:\/\/elsplansdecornet.com\/wp-content\/uploads\/2020\/06\/gastro-100x100.jpg 100w, https:\/\/elsplansdecornet.com\/wp-content\/uploads\/2020\/06\/gastro-600x600.jpg 600w, https:\/\/elsplansdecornet.com\/wp-content\/uploads\/2020\/06\/gastro-150x150.jpg 150w, https:\/\/elsplansdecornet.com\/wp-content\/uploads\/2020\/06\/gastro-768x768.jpg 768w, https:\/\/elsplansdecornet.com\/wp-content\/uploads\/2020\/06\/gastro-650x650.jpg 650w\" sizes=\"(max-width: 800px) 100vw, 800px\" \/>\t<a itemprop=\"url\" href=\"https:\/\/www.canva.com\/design\/DAFD3fdsXSQ\/XfAjNgBVvjFiz1CDTClCeA\/view?utm_content=DAFD3fdsXSQ&#038;utm_campaign=designshare&#038;utm_medium=link2&#038;utm_source=uniquelinks&#038;utlId=h811c67e8d5\" class=\"qodef-m-banner-link\" target=\"_blank\"><\/a>\n<\/div>\t<div class=\"qodef-m-content\">\n\t\t<div class=\"qodef-m-content-inner\" >\n\t\t\t<div class=\"qodef-m-content-inner-background\" ><\/div>\n\t\t\t<div class=\"qodef-m-content-inner-holder\">\n\t\t\t\t\t<h1 class=\"qodef-m-title\" >Gastronomia<\/h1>\n\t\t\t\t\t\t\t\t\t\t\t\t<a itemprop=\"url\" href=\"https:\/\/www.canva.com\/design\/DAFD3fdsXSQ\/XfAjNgBVvjFiz1CDTClCeA\/view?utm_content=DAFD3fdsXSQ&#038;utm_campaign=designshare&#038;utm_medium=link2&#038;utm_source=uniquelinks&#038;utlId=h811c67e8d5\" class=\"qodef-m-banner-link\" target=\"_blank\"><\/a>\n\t\t\t<\/div>\n\t\t\t<a itemprop=\"url\" href=\"https:\/\/www.canva.com\/design\/DAFD3fdsXSQ\/XfAjNgBVvjFiz1CDTClCeA\/view?utm_content=DAFD3fdsXSQ&#038;utm_campaign=designshare&#038;utm_medium=link2&#038;utm_source=uniquelinks&#038;utlId=h811c67e8d5\" class=\"qodef-m-banner-link\" target=\"_blank\"><\/a>\n\t\t<\/div>\n\t<\/div>\n<\/div>\n\t\t\t\t<\/div>\n\t\t\t\t<\/div>\n\t\t\t\t<div class=\"elementor-element elementor-element-7fde1f2 elementor-widget elementor-widget-text-editor\" data-id=\"7fde1f2\" data-element_type=\"widget\" data-e-type=\"widget\" data-widget_type=\"text-editor.default\">\n\t\t\t\t<div class=\"elementor-widget-container\">\n\t\t\t\t\t\t\t\t\t<div class=\"page\" title=\"Page 4\">\n<div class=\"section\">\n<div class=\"layoutArea\">\n<div class=\"column\">\n<p>Una terra per menjar-se-la, assaboreix-la. Els productes de proximitat fan rics el nostre territori. Al Bages trobar\u00e0s indrets fascinants per anar a menjar i en gaudir\u00e0s plenament.<\/p>\n<\/div>\n<\/div>\n<\/div>\n<\/div>\t\t\t\t\t\t\t\t<\/div>\n\t\t\t\t<\/div>\n\t\t\t\t\t<\/div>\n\t\t<\/div>\n\t\t\t\t\t<\/div>\n\t\t<\/section>\n\t\t\t\t<\/div>\n\t\t","protected":false},"excerpt":{"rendered":"<p>Descobreix el cor de Catalunya I per fer la teva estan\u00e7a m\u00e9s amena, et proposem que gaudeixis d\u2019un entorn fant\u00e0stic per a fer turisme i descobrir tot el patrimoni que ens envolta. Trobar\u00e0s una oferta complerta i variada d\u2019activitats, visites, rutes, museus i serveis complementaris com restaurants i productes locals&#8230; Pregunta\u2019ns el que vulguis i [&hellip;]<\/p>\n","protected":false},"author":1,"featured_media":0,"parent":0,"menu_order":0,"comment_status":"closed","ping_status":"closed","template":"","meta":{"_seopress_robots_primary_cat":"","_seopress_titles_title":"","_seopress_titles_desc":"","_seopress_robots_index":"","footnotes":""},"class_list":["post-6353","page","type-page","status-publish","hentry"],"_links":{"self":[{"href":"https:\/\/elsplansdecornet.com\/en\/wp-json\/wp\/v2\/pages\/6353","targetHints":{"allow":["GET"]}}],"collection":[{"href":"https:\/\/elsplansdecornet.com\/en\/wp-json\/wp\/v2\/pages"}],"about":[{"href":"https:\/\/elsplansdecornet.com\/en\/wp-json\/wp\/v2\/types\/page"}],"author":[{"embeddable":true,"href":"https:\/\/elsplansdecornet.com\/en\/wp-json\/wp\/v2\/users\/1"}],"replies":[{"embeddable":true,"href":"https:\/\/elsplansdecornet.com\/en\/wp-json\/wp\/v2\/comments?post=6353"}],"version-history":[{"count":17,"href":"https:\/\/elsplansdecornet.com\/en\/wp-json\/wp\/v2\/pages\/6353\/revisions"}],"predecessor-version":[{"id":7441,"href":"https:\/\/elsplansdecornet.com\/en\/wp-json\/wp\/v2\/pages\/6353\/revisions\/7441"}],"wp:attachment":[{"href":"https:\/\/elsplansdecornet.com\/en\/wp-json\/wp\/v2\/media?parent=6353"}],"curies":[{"name":"wp","href":"https:\/\/api.w.org\/{rel}","templated":true}]}}