{"id":6016,"date":"2024-12-31T10:00:20","date_gmt":"2024-12-31T10:00:20","guid":{"rendered":"https:\/\/elsplansdecornet.com\/inici\/"},"modified":"2026-04-07T18:47:54","modified_gmt":"2026-04-07T16:47:54","slug":"inici","status":"publish","type":"page","link":"https:\/\/elsplansdecornet.com\/en\/","title":{"rendered":"Inici"},"content":{"rendered":"\t\t<div data-elementor-type=\"wp-page\" data-elementor-id=\"6016\" class=\"elementor elementor-6016 elementor-5939\" data-elementor-post-type=\"page\">\n\t\t\t\t\t\t<section class=\"elementor-section elementor-top-section elementor-element elementor-element-3400e7f elementor-section-full_width elementor-section-height-min-height elementor-section-stretched elementor-section-height-default elementor-section-items-middle qodef-elementor-content-no\" data-id=\"3400e7f\" data-element_type=\"section\" data-e-type=\"section\" data-settings=\"{&quot;stretch_section&quot;:&quot;section-stretched&quot;,&quot;background_background&quot;:&quot;video&quot;,&quot;background_video_link&quot;:&quot;https:\\\/\\\/www.youtube.com\\\/watch?v=AuWU_Wf5kNU&quot;,&quot;background_play_on_mobile&quot;:&quot;yes&quot;}\">\n\t\t\t\t\t\t\t\t<div class=\"elementor-background-video-container\">\n\t\t\t\t\t\t\t\t\t\t\t\t\t<div class=\"elementor-background-video-embed\" role=\"presentation\"><\/div>\n\t\t\t\t\t\t\t\t\t\t\t\t<\/div>\n\t\t\t\t\t\t\t\t<div class=\"elementor-container elementor-column-gap-default\">\n\t\t\t\t\t<div class=\"elementor-column elementor-col-100 elementor-top-column elementor-element elementor-element-437e883\" data-id=\"437e883\" data-element_type=\"column\" data-e-type=\"column\">\n\t\t\t<div class=\"elementor-widget-wrap\">\n\t\t\t\t\t\t\t<\/div>\n\t\t<\/div>\n\t\t\t\t\t<\/div>\n\t\t<\/section>\n\t\t\t\t<section class=\"elementor-section elementor-top-section elementor-element elementor-element-957d897 elementor-section-full_width elementor-section-height-default elementor-section-height-default qodef-elementor-content-no\" data-id=\"957d897\" data-element_type=\"section\" data-e-type=\"section\">\n\t\t\t\t\t\t<div class=\"elementor-container elementor-column-gap-default\">\n\t\t\t\t\t<div class=\"elementor-column elementor-col-33 elementor-top-column elementor-element elementor-element-acc5819\" data-id=\"acc5819\" data-element_type=\"column\" data-e-type=\"column\" data-settings=\"{&quot;background_background&quot;:&quot;classic&quot;}\">\n\t\t\t<div class=\"elementor-widget-wrap elementor-element-populated\">\n\t\t\t\t\t\t<div class=\"elementor-element elementor-element-d3a39f7 elementor-widget elementor-widget-alloggio_core_section_title\" data-id=\"d3a39f7\" data-element_type=\"widget\" data-e-type=\"widget\" data-widget_type=\"alloggio_core_section_title.default\">\n\t\t\t\t<div class=\"elementor-widget-container\">\n\t\t\t\t\t<div class=\"qodef-shortcode qodef-m  qodef-section-title qodef-alignment--left\">\n\t\t<h1 class=\"qodef-m-title\" >\n\t\t\t\t\tEls Plans de Cornet\t\t\t<\/h1>\n\t<\/div>\t\t\t\t<\/div>\n\t\t\t\t<\/div>\n\t\t\t\t<div class=\"elementor-element elementor-element-f2b7ee9 elementor-widget elementor-widget-text-editor\" data-id=\"f2b7ee9\" data-element_type=\"widget\" data-e-type=\"widget\" data-widget_type=\"text-editor.default\">\n\t\t\t\t<div class=\"elementor-widget-container\">\n\t\t\t\t\t\t\t\t\t<p>La Masoveria Els Plans de Cornet \u00e9s una aut\u00e8ntica casa de pag\u00e8s per gaudir-la en fam\u00edlia i amics. Si t\u2019agrada el m\u00f3n rural, aquesta \u00e9s la teva masia!<\/p><p>Viu el m\u00f3n rural, respira aire pur, coneix els nostres animals de granja i descobreix la comarca i el seu entorn natural.<\/p><p data-pm-slice=\"1 1 []\">Disposem de <strong>dues estances<\/strong> confortables, cadascuna amb capacitat <strong>per a 4 persones,<\/strong> ideals per gaudir d\u2019una escapada tranquil\u00b7la i plena d\u2019encant. Descobreix-les!<\/p>\t\t\t\t\t\t\t\t<\/div>\n\t\t\t\t<\/div>\n\t\t\t\t\t<\/div>\n\t\t<\/div>\n\t\t\t\t<div class=\"elementor-column elementor-col-33 elementor-top-column elementor-element elementor-element-59d2fcf\" data-id=\"59d2fcf\" data-element_type=\"column\" data-e-type=\"column\">\n\t\t\t<div class=\"elementor-widget-wrap elementor-element-populated\">\n\t\t\t\t\t\t<div class=\"elementor-element elementor-element-16839ed elementor-widget elementor-widget-image\" data-id=\"16839ed\" data-element_type=\"widget\" data-e-type=\"widget\" data-widget_type=\"image.default\">\n\t\t\t\t<div class=\"elementor-widget-container\">\n\t\t\t\t\t\t\t\t\t\t\t\t\t\t\t\t<a href=\"https:\/\/elsplansdecornet.com\/la-caseta\/\">\n\t\t\t\t\t\t\t<img alt=\"\" fetchpriority=\"high\" decoding=\"async\" width=\"1080\" height=\"1350\" src=\"https:\/\/elsplansdecornet.com\/wp-content\/uploads\/2024\/12\/La-Caseta-dels-Plans-1.jpg\" class=\"attachment-full size-full wp-image-5560\" alt=\"\" srcset=\"https:\/\/elsplansdecornet.com\/wp-content\/uploads\/2024\/12\/La-Caseta-dels-Plans-1.jpg 1080w, https:\/\/elsplansdecornet.com\/wp-content\/uploads\/2024\/12\/La-Caseta-dels-Plans-1-240x300.jpg 240w, https:\/\/elsplansdecornet.com\/wp-content\/uploads\/2024\/12\/La-Caseta-dels-Plans-1-819x1024.jpg 819w, https:\/\/elsplansdecornet.com\/wp-content\/uploads\/2024\/12\/La-Caseta-dels-Plans-1-768x960.jpg 768w\" sizes=\"(max-width: 1080px) 100vw, 1080px\" \/>\t\t\t\t\t\t\t\t<\/a>\n\t\t\t\t\t\t\t\t\t\t\t\t\t\t\t<\/div>\n\t\t\t\t<\/div>\n\t\t\t\t\t<\/div>\n\t\t<\/div>\n\t\t\t\t<div class=\"elementor-column elementor-col-33 elementor-top-column elementor-element elementor-element-39d3bd9\" data-id=\"39d3bd9\" data-element_type=\"column\" data-e-type=\"column\">\n\t\t\t<div class=\"elementor-widget-wrap elementor-element-populated\">\n\t\t\t\t\t\t<div class=\"elementor-element elementor-element-b182142 elementor-widget elementor-widget-image\" data-id=\"b182142\" data-element_type=\"widget\" data-e-type=\"widget\" data-widget_type=\"image.default\">\n\t\t\t\t<div class=\"elementor-widget-container\">\n\t\t\t\t\t\t\t\t\t\t\t\t\t\t\t\t<a href=\"https:\/\/elsplansdecornet.com\/el-corral\/\">\n\t\t\t\t\t\t\t<img alt=\"\" decoding=\"async\" width=\"1080\" height=\"1350\" src=\"https:\/\/elsplansdecornet.com\/wp-content\/uploads\/2024\/12\/El-Corral-dels-Plans-1.jpg\" class=\"attachment-full size-full wp-image-5563\" alt=\"\" srcset=\"https:\/\/elsplansdecornet.com\/wp-content\/uploads\/2024\/12\/El-Corral-dels-Plans-1.jpg 1080w, https:\/\/elsplansdecornet.com\/wp-content\/uploads\/2024\/12\/El-Corral-dels-Plans-1-240x300.jpg 240w, https:\/\/elsplansdecornet.com\/wp-content\/uploads\/2024\/12\/El-Corral-dels-Plans-1-819x1024.jpg 819w, https:\/\/elsplansdecornet.com\/wp-content\/uploads\/2024\/12\/El-Corral-dels-Plans-1-768x960.jpg 768w\" sizes=\"(max-width: 1080px) 100vw, 1080px\" \/>\t\t\t\t\t\t\t\t<\/a>\n\t\t\t\t\t\t\t\t\t\t\t\t\t\t\t<\/div>\n\t\t\t\t<\/div>\n\t\t\t\t\t<\/div>\n\t\t<\/div>\n\t\t\t\t\t<\/div>\n\t\t<\/section>\n\t\t\t\t<section class=\"elementor-section elementor-top-section elementor-element elementor-element-cc89df5 elementor-section-full_width elementor-section-height-default elementor-section-height-default qodef-elementor-content-no\" data-id=\"cc89df5\" data-element_type=\"section\" data-e-type=\"section\" data-settings=\"{&quot;background_background&quot;:&quot;classic&quot;}\">\n\t\t\t\t\t\t<div class=\"elementor-container elementor-column-gap-default\">\n\t\t\t\t\t<div class=\"elementor-column elementor-col-100 elementor-top-column elementor-element elementor-element-87382b3\" data-id=\"87382b3\" data-element_type=\"column\" data-e-type=\"column\" data-settings=\"{&quot;background_background&quot;:&quot;classic&quot;}\">\n\t\t\t<div class=\"elementor-widget-wrap elementor-element-populated\">\n\t\t\t\t\t\t<div class=\"elementor-element elementor-element-8998304 elementor-widget elementor-widget-text-editor\" data-id=\"8998304\" data-element_type=\"widget\" data-e-type=\"widget\" data-widget_type=\"text-editor.default\">\n\t\t\t\t<div class=\"elementor-widget-container\">\n\t\t\t\t\t\t\t\t\t<h2 style=\"text-align: center;\">Els Plans Experience<\/h2>\t\t\t\t\t\t\t\t<\/div>\n\t\t\t\t<\/div>\n\t\t\t\t<div class=\"elementor-element elementor-element-7eff0bd elementor-widget elementor-widget-text-editor\" data-id=\"7eff0bd\" data-element_type=\"widget\" data-e-type=\"widget\" data-widget_type=\"text-editor.default\">\n\t\t\t\t<div class=\"elementor-widget-container\">\n\t\t\t\t\t\t\t\t\t<p style=\"text-align: center;\">Per fer la teva estada encara m\u00e9s especial, complementa-la amb un seguit d\u2019experi\u00e8ncies que t\u2019endinsaran en l\u2019ess\u00e8ncia del territori a trav\u00e9s d\u2019activitats i propostes de proximitat.<\/p>\t\t\t\t\t\t\t\t<\/div>\n\t\t\t\t<\/div>\n\t\t\t\t<div class=\"elementor-element elementor-element-9aaa56e elementor-align-center elementor-widget elementor-widget-button\" data-id=\"9aaa56e\" data-element_type=\"widget\" data-e-type=\"widget\" data-widget_type=\"button.default\">\n\t\t\t\t<div class=\"elementor-widget-container\">\n\t\t\t\t\t\t\t\t\t<div class=\"elementor-button-wrapper\">\n\t\t\t\t\t<a class=\"elementor-button elementor-button-link elementor-size-lg\" href=\"http:\/\/elsplansdecornet.com\/wp-content\/uploads\/2025\/01\/Els-Plans-Experience_2025.pdf\" target=\"_blank\">\n\t\t\t\t\t\t<span class=\"elementor-button-content-wrapper\">\n\t\t\t\t\t\t\t\t\t<span class=\"elementor-button-text\">SABER-NE M\u00c9S<\/span>\n\t\t\t\t\t<\/span>\n\t\t\t\t\t<\/a>\n\t\t\t\t<\/div>\n\t\t\t\t\t\t\t\t<\/div>\n\t\t\t\t<\/div>\n\t\t\t\t\t<\/div>\n\t\t<\/div>\n\t\t\t\t\t<\/div>\n\t\t<\/section>\n\t\t\t\t<section class=\"elementor-section elementor-top-section elementor-element elementor-element-6ec1b9c elementor-section-full_width elementor-section-height-default elementor-section-height-default qodef-elementor-content-no\" data-id=\"6ec1b9c\" data-element_type=\"section\" data-e-type=\"section\">\n\t\t\t\t\t\t<div class=\"elementor-container elementor-column-gap-default\">\n\t\t\t\t\t<div class=\"elementor-column elementor-col-66 elementor-top-column elementor-element elementor-element-2c8291e\" data-id=\"2c8291e\" data-element_type=\"column\" data-e-type=\"column\">\n\t\t\t<div class=\"elementor-widget-wrap elementor-element-populated\">\n\t\t\t\t\t\t<div class=\"elementor-element elementor-element-aaf4f3c elementor-widget elementor-widget-image\" data-id=\"aaf4f3c\" data-element_type=\"widget\" data-e-type=\"widget\" data-widget_type=\"image.default\">\n\t\t\t\t<div class=\"elementor-widget-container\">\n\t\t\t\t\t\t\t\t\t\t\t\t\t\t\t<img alt=\"\" decoding=\"async\" width=\"1650\" height=\"829\" src=\"https:\/\/elsplansdecornet.com\/wp-content\/uploads\/2024\/12\/La-Botiga-Plans.jpg\" class=\"attachment-full size-full wp-image-5623\" alt=\"\" srcset=\"https:\/\/elsplansdecornet.com\/wp-content\/uploads\/2024\/12\/La-Botiga-Plans.jpg 1650w, https:\/\/elsplansdecornet.com\/wp-content\/uploads\/2024\/12\/La-Botiga-Plans-300x151.jpg 300w, https:\/\/elsplansdecornet.com\/wp-content\/uploads\/2024\/12\/La-Botiga-Plans-1024x514.jpg 1024w, https:\/\/elsplansdecornet.com\/wp-content\/uploads\/2024\/12\/La-Botiga-Plans-768x386.jpg 768w, https:\/\/elsplansdecornet.com\/wp-content\/uploads\/2024\/12\/La-Botiga-Plans-1536x772.jpg 1536w\" sizes=\"(max-width: 1650px) 100vw, 1650px\" \/>\t\t\t\t\t\t\t\t\t\t\t\t\t\t\t<\/div>\n\t\t\t\t<\/div>\n\t\t\t\t\t<\/div>\n\t\t<\/div>\n\t\t\t\t<div class=\"elementor-column elementor-col-33 elementor-top-column elementor-element elementor-element-7da17a9\" data-id=\"7da17a9\" data-element_type=\"column\" data-e-type=\"column\" data-settings=\"{&quot;background_background&quot;:&quot;classic&quot;}\">\n\t\t\t<div class=\"elementor-widget-wrap elementor-element-populated\">\n\t\t\t\t\t\t<div class=\"elementor-element elementor-element-15bf062 elementor-widget elementor-widget-alloggio_core_section_title\" data-id=\"15bf062\" data-element_type=\"widget\" data-e-type=\"widget\" data-widget_type=\"alloggio_core_section_title.default\">\n\t\t\t\t<div class=\"elementor-widget-container\">\n\t\t\t\t\t<div class=\"qodef-shortcode qodef-m  qodef-section-title qodef-alignment--left\">\n\t\t<h1 class=\"qodef-m-title\" >\n\t\t\t\t\tLa Botiga\t\t\t<\/h1>\n\t<\/div>\t\t\t\t<\/div>\n\t\t\t\t<\/div>\n\t\t\t\t<div class=\"elementor-element elementor-element-d1377dd elementor-widget elementor-widget-text-editor\" data-id=\"d1377dd\" data-element_type=\"widget\" data-e-type=\"widget\" data-widget_type=\"text-editor.default\">\n\t\t\t\t<div class=\"elementor-widget-container\">\n\t\t\t\t\t\t\t\t\t<p data-pm-slice=\"1 1 []\">A Els Plans hi podeu trobar una petita botiga amb una selecci\u00f3 de productes de proximitat: vins de la DO Pla de Bages, conserves artesanes, carns de proximitat, entre d&#8217;altres del\u00edcies.<\/p><p data-pm-slice=\"1 1 []\">Assaboreix l&#8217;ess\u00e8ncia de la nostra terra!<\/p>\t\t\t\t\t\t\t\t<\/div>\n\t\t\t\t<\/div>\n\t\t\t\t\t<\/div>\n\t\t<\/div>\n\t\t\t\t\t<\/div>\n\t\t<\/section>\n\t\t\t\t<section class=\"elementor-section elementor-top-section elementor-element elementor-element-f74faad elementor-section-full_width elementor-section-content-middle elementor-section-height-default elementor-section-height-default qodef-elementor-content-no\" data-id=\"f74faad\" data-element_type=\"section\" data-e-type=\"section\" data-settings=\"{&quot;background_background&quot;:&quot;classic&quot;}\">\n\t\t\t\t\t\t<div class=\"elementor-container elementor-column-gap-no\">\n\t\t\t\t\t<div class=\"elementor-column elementor-col-100 elementor-top-column elementor-element elementor-element-9480888\" data-id=\"9480888\" data-element_type=\"column\" data-e-type=\"column\">\n\t\t\t<div class=\"elementor-widget-wrap elementor-element-populated\">\n\t\t\t\t\t\t<div class=\"elementor-element elementor-element-5ea6434 elementor-widget elementor-widget-alloggio_core_testimonials_list\" data-id=\"5ea6434\" data-element_type=\"widget\" data-e-type=\"widget\" data-widget_type=\"alloggio_core_testimonials_list.default\">\n\t\t\t\t<div class=\"elementor-widget-container\">\n\t\t\t\t\t<div class=\"qodef-testimonials-list-wrapper\">\n\t<div class=\"qodef-shortcode qodef-m  qodef-testimonials-list qodef-skin--light  qodef-content-position--center qodef-grid qodef-swiper-container  qodef-gutter--large qodef-col-num--1 qodef-item-layout--info-below qodef-responsive--predefined\" data-options=\"{&quot;slidesPerView&quot;:&quot;1&quot;,&quot;spaceBetween&quot;:25,&quot;loop&quot;:true,&quot;autoplay&quot;:true,&quot;speed&quot;:&quot;&quot;,&quot;speedAnimation&quot;:&quot;&quot;}\">\n\t\t<div class=\"swiper-wrapper\">\n\t\t\t<div class=\"qodef-e swiper-slide\">\n\t<div class=\"qodef-e-inner\">\n\t\t\t\t<div class=\"qodef-e-content\">\n\t\t\t\t\t\t\t<h2 itemprop=\"name\" class=\"qodef-e-title entry-title\" >\n\t\tKids have enjoyed\t<\/h2>\n\t\t\t\t<p itemprop=\"description\" class=\"qodef-e-text\">\n\t\t\t\tKids loved the swimming pool and trampoline! Ideal to watch the stars. Thanks so much for all!\t<\/p>\n\t\t\t<p class=\"qodef-e-author\">\n\t<span class=\"qodef-e-author-name\">\n\t\tCristina\t<\/span>\n\t<span class=\"qodef-e-author-job\">\n\t\t\t<\/span>\n<\/p>\n\t\t<\/div>\n\t<\/div>\n<\/div><div class=\"qodef-e swiper-slide\">\n\t<div class=\"qodef-e-inner\">\n\t\t\t\t<div class=\"qodef-e-content\">\n\t\t\t\t\t\t\t<h2 itemprop=\"name\" class=\"qodef-e-title entry-title\" >\n\t\tJust amazing\t<\/h2>\n\t\t\t\t<p itemprop=\"description\" class=\"qodef-e-text\">\n\t\t\t\tBeautiful place and adorable family, you will never want to leave the house which is completely furnished. A lot of things to do, just amazing!!\t<\/p>\n\t\t\t<p class=\"qodef-e-author\">\n\t<span class=\"qodef-e-author-name\">\n\t\tShaden Alam\t<\/span>\n\t<span class=\"qodef-e-author-job\">\n\t\t\t<\/span>\n<\/p>\n\t\t<\/div>\n\t<\/div>\n<\/div><div class=\"qodef-e swiper-slide\">\n\t<div class=\"qodef-e-inner\">\n\t\t\t\t<div class=\"qodef-e-content\">\n\t\t\t\t\t\t\t<h2 itemprop=\"name\" class=\"qodef-e-title entry-title\" >\n\t\tThis is a perfect place for animal lovers\t<\/h2>\n\t\t\t\t<p itemprop=\"description\" class=\"qodef-e-text\">\n\t\t\t\tSuch an amazing house! Clean and tidy, with everything you can imagine plus comfortable beds! I especially like the surroundings and swimming pool, which is amazing for the summer! This is a perfect place for animal lovers, they are everywhere!\t<\/p>\n\t\t\t<p class=\"qodef-e-author\">\n\t<span class=\"qodef-e-author-name\">\n\t\tJ\u00falia\t<\/span>\n\t<span class=\"qodef-e-author-job\">\n\t\t\t<\/span>\n<\/p>\n\t\t<\/div>\n\t<\/div>\n<\/div><div class=\"qodef-e swiper-slide\">\n\t<div class=\"qodef-e-inner\">\n\t\t\t\t<div class=\"qodef-e-content\">\n\t\t\t\t\t\t\t<h2 itemprop=\"name\" class=\"qodef-e-title entry-title\" >\n\t\tWe\u2019ve really loved it\t<\/h2>\n\t\t\t\t<p itemprop=\"description\" class=\"qodef-e-text\">\n\t\t\t\tEverything has been delicately placed and the cottage is quite well equipped! We\u2019ve been there with our 2 years and 8 months kids. We\u2019ve really loved it!\t<\/p>\n\t\t\t<p class=\"qodef-e-author\">\n\t<span class=\"qodef-e-author-name\">\n\t\tSandra Jim\u00e9nez\t<\/span>\n\t<span class=\"qodef-e-author-job\">\n\t\t\t<\/span>\n<\/p>\n\t\t<\/div>\n\t<\/div>\n<\/div><div class=\"qodef-e swiper-slide\">\n\t<div class=\"qodef-e-inner\">\n\t\t\t\t<div class=\"qodef-e-content\">\n\t\t\t\t\t\t\t<h2 itemprop=\"name\" class=\"qodef-e-title entry-title\" >\n\t\tWe&#039;ll be back for sure\t<\/h2>\n\t\t\t\t<p itemprop=\"description\" class=\"qodef-e-text\">\n\t\t\t\tUnbelievable place where to enjoy nature, calm and peace. I highlight the excellent attention received. We&#039;ll be back for sure.\t<\/p>\n\t\t\t<p class=\"qodef-e-author\">\n\t<span class=\"qodef-e-author-name\">\n\t\tJordi L\u00f2pez\t<\/span>\n\t<span class=\"qodef-e-author-job\">\n\t\t\t<\/span>\n<\/p>\n\t\t<\/div>\n\t<\/div>\n<\/div>\t\t<\/div>\n\t\t<div class=\"swiper-button-next \"><svg xmlns=\"http:\/\/www.w3.org\/2000\/svg\" xmlns:xlink=\"http:\/\/www.w3.org\/1999\/xlink\" x=\"0px\" y=\"0px\" viewBox=\"0 0 26 50.9\" xml:space=\"preserve\"><polyline points=\"0.4,50.6 25.3,25.5 0.4,0.4 \"\/><\/svg><\/div>\n<div class=\"swiper-button-prev \"><svg xmlns=\"http:\/\/www.w3.org\/2000\/svg\" xmlns:xlink=\"http:\/\/www.w3.org\/1999\/xlink\" x=\"0px\" y=\"0px\" viewBox=\"0 0 26 50.9\" xml:space=\"preserve\"><polyline points=\"25.6,0.4 0.7,25.5 25.6,50.6 \"\/><\/svg><\/div>\t\t\t<\/div>\n\t<\/div>\t\t\t\t<\/div>\n\t\t\t\t<\/div>\n\t\t\t\t\t<\/div>\n\t\t<\/div>\n\t\t\t\t\t<\/div>\n\t\t<\/section>\n\t\t\t\t<\/div>\n\t\t","protected":false},"excerpt":{"rendered":"<p>Els Plans de Cornet La Masoveria Els Plans de Cornet \u00e9s una aut\u00e8ntica casa de pag\u00e8s per gaudir-la en fam\u00edlia i amics. Si t\u2019agrada el m\u00f3n rural, aquesta \u00e9s la teva masia! Viu el m\u00f3n rural, respira aire pur, coneix els nostres animals de granja i descobreix la comarca i el seu entorn natural. Disposem [&hellip;]<\/p>\n","protected":false},"author":1,"featured_media":0,"parent":0,"menu_order":0,"comment_status":"closed","ping_status":"closed","template":"page-full-width.php","meta":{"_seopress_robots_primary_cat":"","_seopress_titles_title":"%%sitetitle%% \u2013 Masoveria \u2013 Turisme rural","_seopress_titles_desc":"La Masoveria Els Plans de Cornet \u00e9s una aut\u00e8ntica casa de pag\u00e8s per gaudir-la en fam\u00edlia i amics.","_seopress_robots_index":"","footnotes":""},"class_list":["post-6016","page","type-page","status-publish","hentry"],"_links":{"self":[{"href":"https:\/\/elsplansdecornet.com\/en\/wp-json\/wp\/v2\/pages\/6016","targetHints":{"allow":["GET"]}}],"collection":[{"href":"https:\/\/elsplansdecornet.com\/en\/wp-json\/wp\/v2\/pages"}],"about":[{"href":"https:\/\/elsplansdecornet.com\/en\/wp-json\/wp\/v2\/types\/page"}],"author":[{"embeddable":true,"href":"https:\/\/elsplansdecornet.com\/en\/wp-json\/wp\/v2\/users\/1"}],"replies":[{"embeddable":true,"href":"https:\/\/elsplansdecornet.com\/en\/wp-json\/wp\/v2\/comments?post=6016"}],"version-history":[{"count":175,"href":"https:\/\/elsplansdecornet.com\/en\/wp-json\/wp\/v2\/pages\/6016\/revisions"}],"predecessor-version":[{"id":7485,"href":"https:\/\/elsplansdecornet.com\/en\/wp-json\/wp\/v2\/pages\/6016\/revisions\/7485"}],"wp:attachment":[{"href":"https:\/\/elsplansdecornet.com\/en\/wp-json\/wp\/v2\/media?parent=6016"}],"curies":[{"name":"wp","href":"https:\/\/api.w.org\/{rel}","templated":true}]}}